{"id":1718,"date":"2022-01-12T15:12:11","date_gmt":"2022-01-12T14:12:11","guid":{"rendered":"https:\/\/ellyjan.lapenoterie-dordogne.com\/gites-in-de-dordogne\/"},"modified":"2023-11-04T14:43:16","modified_gmt":"2023-11-04T13:43:16","slug":"gites-in-de-dordogne","status":"publish","type":"page","link":"https:\/\/www.lapenoterie-dordogne.com\/de\/","title":{"rendered":"Home"},"content":{"rendered":"\t\t<div data-elementor-type=\"wp-page\" data-elementor-id=\"1718\" class=\"elementor elementor-1718 elementor-45\" data-elementor-post-type=\"page\">\n\t\t\t\t\t\t<section class=\"elementor-section elementor-top-section elementor-element elementor-element-3089f33 elementor-section-boxed elementor-section-height-default elementor-section-height-default\" data-id=\"3089f33\" data-element_type=\"section\" data-e-type=\"section\">\n\t\t\t\t\t\t<div class=\"elementor-container elementor-column-gap-default\">\n\t\t\t\t\t<div class=\"elementor-column elementor-col-100 elementor-top-column elementor-element elementor-element-ed95982\" data-id=\"ed95982\" data-element_type=\"column\" data-e-type=\"column\">\n\t\t\t<div class=\"elementor-widget-wrap elementor-element-populated\">\n\t\t\t\t\t\t<div class=\"elementor-element elementor-element-8808232 elementor-widget elementor-widget-heading\" data-id=\"8808232\" data-element_type=\"widget\" data-e-type=\"widget\" data-widget_type=\"heading.default\">\n\t\t\t\t<div class=\"elementor-widget-container\">\n\t\t\t\t\t<h2 class=\"elementor-heading-title elementor-size-default\">G\u00eetes und Ferienwohnungen in der Dordogne<\/h2>\t\t\t\t<\/div>\n\t\t\t\t<\/div>\n\t\t\t\t\t<\/div>\n\t\t<\/div>\n\t\t\t\t\t<\/div>\n\t\t<\/section>\n\t\t\t\t<section class=\"elementor-section elementor-top-section elementor-element elementor-element-39b3dac elementor-section-boxed elementor-section-height-default elementor-section-height-default\" data-id=\"39b3dac\" data-element_type=\"section\" data-e-type=\"section\">\n\t\t\t\t\t\t<div class=\"elementor-container elementor-column-gap-default\">\n\t\t\t\t\t<div class=\"elementor-column elementor-col-66 elementor-top-column elementor-element elementor-element-fc04e8c\" data-id=\"fc04e8c\" data-element_type=\"column\" data-e-type=\"column\">\n\t\t\t<div class=\"elementor-widget-wrap elementor-element-populated\">\n\t\t\t\t\t\t<div class=\"elementor-element elementor-element-98a471a elementor-widget elementor-widget-text-editor\" data-id=\"98a471a\" data-element_type=\"widget\" data-e-type=\"widget\" data-widget_type=\"text-editor.default\">\n\t\t\t\t<div class=\"elementor-widget-container\">\n\t\t\t\t\t\t\t\t\t<p><strong>Bei Domaine La Penoterie in der Dordogne sind zwei G\u00eetes (Ferienwohnungen) zu vermieten<\/strong>. Eine Ferienwohnung f\u00fcr 2-3 Personen, la Douce, und eine Ferienwohnung f\u00fcr 2-4 Personen, la Jolie.<\/p>\n<p>La Penoterie hat eine sehr sch\u00f6ne Liegenschaft in der Dordogne, in der N\u00e4he von Montignac sur V\u00e9z\u00e8re, zwischen den St\u00e4dten P\u00e9rigueux, Sarlat und Brive.<\/p>\n<p><strong>Alte Weinfarm in der Dordogne<\/strong><br>La Penoterie ist ein altes Weingut, wo das Haus und der Weinkeller im 17. Jahrhundert gebaut worden sein. Das Haus steht mit den ehemaligen Stallungen und Scheunen rund um einen sch\u00f6nen Innenhof zusammen. Zwei ehemalige Stallungen wurden in komfortable Ferienwohnungen umgewandelt. Die Wohnungen sind geschmackvoll mit allem Komfort ausgestattet. Jedes Haus hat seinen eigenen Garten.<\/p>\n<p><strong>Montignac und den H\u00f6hlen von Lascaux<\/strong><br>La Penoterie befindet sich nicht weit von der Stadt Montignac entfernt. Montignac ist eine angenehme Stadt am Fluss V\u00e9z\u00e8re und ist f\u00fcr die H\u00f6hlen von Lascaux bekannt. Montignac bietet alle notwendigen Einrichtungen, Restaurants, Terrassen und Laden. Daneben gibt es viele Sehensw\u00fcrdigkeiten und M\u00f6glichkeiten zu Kanufahrten.<\/p>\n<p><strong>Eine l\u00e4ndliche Umgebung<\/strong><br>W\u00e4lder, Stra\u00dfen, H\u00fcgeln und saftigen Wiesen pr\u00e4gen die Landschaft rundum la Penoterie. In der Weide neben unserem Domain ist eine sch\u00f6ne Herde von Limousin-K\u00fche, die wie wir \u00fcber \u00c4cker und W\u00e4lder unser sch\u00f6nes Tal blicken. Hier finden Sie Natur, Ruhe, w\u00e4hrend Shops, Sehensw\u00fcrdigkeiten, und Ausfl\u00fcge in der N\u00e4he sind.<\/p>\n<p>Wir hoffen gerne Sie auf der Domaine La Penoterie in der Dordogne begr\u00fcssen ze d\u00fcrfen.<br>Weitere Informationen zu unseren Ferienwohnungne erreichen Sie \u00fcber unserem E-Mail-Adresse:<br><a title=\"info@lapenoterie-dordogne.com\" href=\"mailto:info@lapenoterie-dordogne.com\" target=\"_blank\" rel=\"noopener noreferrer\">info@lapenoterie-dordogne.com<\/a><\/p>\n<p><strong>Jan Vermaas und Elly Paardekooper<\/strong><\/p>\t\t\t\t\t\t\t\t<\/div>\n\t\t\t\t<\/div>\n\t\t\t\t\t<\/div>\n\t\t<\/div>\n\t\t\t\t<div class=\"elementor-column elementor-col-33 elementor-top-column elementor-element elementor-element-69184e4\" data-id=\"69184e4\" data-element_type=\"column\" data-e-type=\"column\" data-settings=\"{&quot;background_background&quot;:&quot;classic&quot;}\">\n\t\t\t<div class=\"elementor-widget-wrap elementor-element-populated\">\n\t\t\t\t\t\t<div class=\"elementor-element elementor-element-d1cc9b4 elementor-widget elementor-widget-image\" data-id=\"d1cc9b4\" data-element_type=\"widget\" data-e-type=\"widget\" data-widget_type=\"image.default\">\n\t\t\t\t<div class=\"elementor-widget-container\">\n\t\t\t\t\t\t\t\t\t\t\t\t\t\t\t<img fetchpriority=\"high\" decoding=\"async\" width=\"800\" height=\"533\" src=\"https:\/\/www.lapenoterie-dordogne.com\/wp-content\/uploads\/02zon-gite-vakantiehuis-lapenoterie-dordogne.jpg\" class=\"attachment-large size-large wp-image-244\" alt=\"Gite La Douce terras tafel\" srcset=\"https:\/\/www.lapenoterie-dordogne.com\/wp-content\/uploads\/02zon-gite-vakantiehuis-lapenoterie-dordogne.jpg 900w, https:\/\/www.lapenoterie-dordogne.com\/wp-content\/uploads\/02zon-gite-vakantiehuis-lapenoterie-dordogne-500x333.jpg 500w, https:\/\/www.lapenoterie-dordogne.com\/wp-content\/uploads\/02zon-gite-vakantiehuis-lapenoterie-dordogne-768x512.jpg 768w\" sizes=\"(max-width: 800px) 100vw, 800px\" \/>\t\t\t\t\t\t\t\t\t\t\t\t\t\t\t<\/div>\n\t\t\t\t<\/div>\n\t\t\t\t\t<\/div>\n\t\t<\/div>\n\t\t\t\t\t<\/div>\n\t\t<\/section>\n\t\t\t\t<\/div>\n\t\t","protected":false},"excerpt":{"rendered":"<p>G\u00eetes und Ferienwohnungen in der Dordogne Bei Domaine La Penoterie in der Dordogne sind zwei G\u00eetes (Ferienwohnungen) zu vermieten. Eine Ferienwohnung f\u00fcr 2-3 Personen, la Douce, und eine Ferienwohnung f\u00fcr 2-4 Personen, la Jolie. La Penoterie hat eine sehr sch\u00f6ne Liegenschaft in der Dordogne, in der N\u00e4he von Montignac sur V\u00e9z\u00e8re, zwischen den St\u00e4dten P\u00e9rigueux, [&hellip;]<\/p>\n","protected":false},"author":2,"featured_media":1523,"parent":0,"menu_order":0,"comment_status":"closed","ping_status":"closed","template":"","meta":{"footnotes":""},"class_list":["post-1718","page","type-page","status-publish","has-post-thumbnail","hentry"],"yoast_head":"<!-- This site is optimized with the Yoast SEO plugin v27.4 - https:\/\/yoast.com\/product\/yoast-seo-wordpress\/ -->\n<title>Home - La Penoterie Dordogne Gite vakantiehuis in de Dordogne, op een prachtige plek nabij Montignac<\/title>\n<meta name=\"robots\" content=\"index, follow, max-snippet:-1, max-image-preview:large, max-video-preview:-1\" \/>\n<link rel=\"canonical\" href=\"https:\/\/www.lapenoterie-dordogne.com\/de\/\" \/>\n<meta property=\"og:locale\" content=\"de_DE\" \/>\n<meta property=\"og:type\" content=\"article\" \/>\n<meta property=\"og:title\" content=\"Home - La Penoterie Dordogne Gite vakantiehuis in de Dordogne, op een prachtige plek nabij Montignac\" \/>\n<meta property=\"og:description\" content=\"G\u00eetes und Ferienwohnungen in der Dordogne Bei Domaine La Penoterie in der Dordogne sind zwei G\u00eetes (Ferienwohnungen) zu vermieten. Eine Ferienwohnung f\u00fcr 2-3 Personen, la Douce, und eine Ferienwohnung f\u00fcr 2-4 Personen, la Jolie. La Penoterie hat eine sehr sch\u00f6ne Liegenschaft in der Dordogne, in der N\u00e4he von Montignac sur V\u00e9z\u00e8re, zwischen den St\u00e4dten P\u00e9rigueux, [&hellip;]\" \/>\n<meta property=\"og:url\" content=\"https:\/\/www.lapenoterie-dordogne.com\/de\/\" \/>\n<meta property=\"og:site_name\" content=\"La Penoterie Dordogne Gite vakantiehuis in de Dordogne, op een prachtige plek nabij Montignac\" \/>\n<meta property=\"article:publisher\" content=\"https:\/\/www.facebook.com\/people\/La-Penoterie-Dordogne\/100057469329295\/\" \/>\n<meta property=\"article:modified_time\" content=\"2023-11-04T13:43:16+00:00\" \/>\n<meta property=\"og:image\" content=\"https:\/\/www.lapenoterie-dordogne.com\/wp-content\/uploads\/header-homepagina.jpg\" \/>\n\t<meta property=\"og:image:width\" content=\"1600\" \/>\n\t<meta property=\"og:image:height\" content=\"1067\" \/>\n\t<meta property=\"og:image:type\" content=\"image\/jpeg\" \/>\n<meta name=\"twitter:card\" content=\"summary_large_image\" \/>\n<meta name=\"twitter:label1\" content=\"Gesch\u00e4tzte Lesezeit\" \/>\n\t<meta name=\"twitter:data1\" content=\"2\u00a0Minuten\" \/>\n<script type=\"application\/ld+json\" class=\"yoast-schema-graph\">{\"@context\":\"https:\\\/\\\/schema.org\",\"@graph\":[{\"@type\":\"WebPage\",\"@id\":\"https:\\\/\\\/www.lapenoterie-dordogne.com\\\/de\\\/\",\"url\":\"https:\\\/\\\/www.lapenoterie-dordogne.com\\\/de\\\/\",\"name\":\"Home - La Penoterie Dordogne Gite vakantiehuis in de Dordogne, op een prachtige plek nabij Montignac\",\"isPartOf\":{\"@id\":\"https:\\\/\\\/www.lapenoterie-dordogne.com\\\/de\\\/#website\"},\"primaryImageOfPage\":{\"@id\":\"https:\\\/\\\/www.lapenoterie-dordogne.com\\\/de\\\/#primaryimage\"},\"image\":{\"@id\":\"https:\\\/\\\/www.lapenoterie-dordogne.com\\\/de\\\/#primaryimage\"},\"thumbnailUrl\":\"https:\\\/\\\/www.lapenoterie-dordogne.com\\\/wp-content\\\/uploads\\\/header-homepagina.jpg\",\"datePublished\":\"2022-01-12T14:12:11+00:00\",\"dateModified\":\"2023-11-04T13:43:16+00:00\",\"breadcrumb\":{\"@id\":\"https:\\\/\\\/www.lapenoterie-dordogne.com\\\/de\\\/#breadcrumb\"},\"inLanguage\":\"de\",\"potentialAction\":[{\"@type\":\"ReadAction\",\"target\":[\"https:\\\/\\\/www.lapenoterie-dordogne.com\\\/de\\\/\"]}]},{\"@type\":\"ImageObject\",\"inLanguage\":\"de\",\"@id\":\"https:\\\/\\\/www.lapenoterie-dordogne.com\\\/de\\\/#primaryimage\",\"url\":\"https:\\\/\\\/www.lapenoterie-dordogne.com\\\/wp-content\\\/uploads\\\/header-homepagina.jpg\",\"contentUrl\":\"https:\\\/\\\/www.lapenoterie-dordogne.com\\\/wp-content\\\/uploads\\\/header-homepagina.jpg\",\"width\":1600,\"height\":1067,\"caption\":\"SAMSUNG CSC\"},{\"@type\":\"BreadcrumbList\",\"@id\":\"https:\\\/\\\/www.lapenoterie-dordogne.com\\\/de\\\/#breadcrumb\",\"itemListElement\":[{\"@type\":\"ListItem\",\"position\":1,\"name\":\"Home\",\"item\":\"https:\\\/\\\/www.lapenoterie-dordogne.com\\\/de\\\/\"},{\"@type\":\"ListItem\",\"position\":2,\"name\":\"Home\"}]},{\"@type\":\"WebSite\",\"@id\":\"https:\\\/\\\/www.lapenoterie-dordogne.com\\\/de\\\/#website\",\"url\":\"https:\\\/\\\/www.lapenoterie-dordogne.com\\\/de\\\/\",\"name\":\"La Penoterie Dordogne Gite vakantiehuis in de Dordogne, op een prachtige plek nabij Montignac\",\"description\":\"Op Domaine La Penoterie in de Dordogne zijn twee g\u00eetes te huur\",\"publisher\":{\"@id\":\"https:\\\/\\\/www.lapenoterie-dordogne.com\\\/de\\\/#organization\"},\"potentialAction\":[{\"@type\":\"SearchAction\",\"target\":{\"@type\":\"EntryPoint\",\"urlTemplate\":\"https:\\\/\\\/www.lapenoterie-dordogne.com\\\/de\\\/?s={search_term_string}\"},\"query-input\":{\"@type\":\"PropertyValueSpecification\",\"valueRequired\":true,\"valueName\":\"search_term_string\"}}],\"inLanguage\":\"de\"},{\"@type\":\"Organization\",\"@id\":\"https:\\\/\\\/www.lapenoterie-dordogne.com\\\/de\\\/#organization\",\"name\":\"La Penoterie Dordogne\",\"url\":\"https:\\\/\\\/www.lapenoterie-dordogne.com\\\/de\\\/\",\"logo\":{\"@type\":\"ImageObject\",\"inLanguage\":\"de\",\"@id\":\"https:\\\/\\\/www.lapenoterie-dordogne.com\\\/de\\\/#\\\/schema\\\/logo\\\/image\\\/\",\"url\":\"https:\\\/\\\/www.lapenoterie-dordogne.com\\\/wp-content\\\/uploads\\\/header-homepagina.jpg\",\"contentUrl\":\"https:\\\/\\\/www.lapenoterie-dordogne.com\\\/wp-content\\\/uploads\\\/header-homepagina.jpg\",\"width\":1600,\"height\":1067,\"caption\":\"La Penoterie Dordogne\"},\"image\":{\"@id\":\"https:\\\/\\\/www.lapenoterie-dordogne.com\\\/de\\\/#\\\/schema\\\/logo\\\/image\\\/\"},\"sameAs\":[\"https:\\\/\\\/www.facebook.com\\\/people\\\/La-Penoterie-Dordogne\\\/100057469329295\\\/\"]}]}<\/script>\n<!-- \/ Yoast SEO plugin. -->","yoast_head_json":{"title":"Home - La Penoterie Dordogne Gite vakantiehuis in de Dordogne, op een prachtige plek nabij Montignac","robots":{"index":"index","follow":"follow","max-snippet":"max-snippet:-1","max-image-preview":"max-image-preview:large","max-video-preview":"max-video-preview:-1"},"canonical":"https:\/\/www.lapenoterie-dordogne.com\/de\/","og_locale":"de_DE","og_type":"article","og_title":"Home - La Penoterie Dordogne Gite vakantiehuis in de Dordogne, op een prachtige plek nabij Montignac","og_description":"G\u00eetes und Ferienwohnungen in der Dordogne Bei Domaine La Penoterie in der Dordogne sind zwei G\u00eetes (Ferienwohnungen) zu vermieten. Eine Ferienwohnung f\u00fcr 2-3 Personen, la Douce, und eine Ferienwohnung f\u00fcr 2-4 Personen, la Jolie. La Penoterie hat eine sehr sch\u00f6ne Liegenschaft in der Dordogne, in der N\u00e4he von Montignac sur V\u00e9z\u00e8re, zwischen den St\u00e4dten P\u00e9rigueux, [&hellip;]","og_url":"https:\/\/www.lapenoterie-dordogne.com\/de\/","og_site_name":"La Penoterie Dordogne Gite vakantiehuis in de Dordogne, op een prachtige plek nabij Montignac","article_publisher":"https:\/\/www.facebook.com\/people\/La-Penoterie-Dordogne\/100057469329295\/","article_modified_time":"2023-11-04T13:43:16+00:00","og_image":[{"width":1600,"height":1067,"url":"https:\/\/www.lapenoterie-dordogne.com\/wp-content\/uploads\/header-homepagina.jpg","type":"image\/jpeg"}],"twitter_card":"summary_large_image","twitter_misc":{"Gesch\u00e4tzte Lesezeit":"2\u00a0Minuten"},"schema":{"@context":"https:\/\/schema.org","@graph":[{"@type":"WebPage","@id":"https:\/\/www.lapenoterie-dordogne.com\/de\/","url":"https:\/\/www.lapenoterie-dordogne.com\/de\/","name":"Home - La Penoterie Dordogne Gite vakantiehuis in de Dordogne, op een prachtige plek nabij Montignac","isPartOf":{"@id":"https:\/\/www.lapenoterie-dordogne.com\/de\/#website"},"primaryImageOfPage":{"@id":"https:\/\/www.lapenoterie-dordogne.com\/de\/#primaryimage"},"image":{"@id":"https:\/\/www.lapenoterie-dordogne.com\/de\/#primaryimage"},"thumbnailUrl":"https:\/\/www.lapenoterie-dordogne.com\/wp-content\/uploads\/header-homepagina.jpg","datePublished":"2022-01-12T14:12:11+00:00","dateModified":"2023-11-04T13:43:16+00:00","breadcrumb":{"@id":"https:\/\/www.lapenoterie-dordogne.com\/de\/#breadcrumb"},"inLanguage":"de","potentialAction":[{"@type":"ReadAction","target":["https:\/\/www.lapenoterie-dordogne.com\/de\/"]}]},{"@type":"ImageObject","inLanguage":"de","@id":"https:\/\/www.lapenoterie-dordogne.com\/de\/#primaryimage","url":"https:\/\/www.lapenoterie-dordogne.com\/wp-content\/uploads\/header-homepagina.jpg","contentUrl":"https:\/\/www.lapenoterie-dordogne.com\/wp-content\/uploads\/header-homepagina.jpg","width":1600,"height":1067,"caption":"SAMSUNG CSC"},{"@type":"BreadcrumbList","@id":"https:\/\/www.lapenoterie-dordogne.com\/de\/#breadcrumb","itemListElement":[{"@type":"ListItem","position":1,"name":"Home","item":"https:\/\/www.lapenoterie-dordogne.com\/de\/"},{"@type":"ListItem","position":2,"name":"Home"}]},{"@type":"WebSite","@id":"https:\/\/www.lapenoterie-dordogne.com\/de\/#website","url":"https:\/\/www.lapenoterie-dordogne.com\/de\/","name":"La Penoterie Dordogne Gite vakantiehuis in de Dordogne, op een prachtige plek nabij Montignac","description":"Op Domaine La Penoterie in de Dordogne zijn twee g\u00eetes te huur","publisher":{"@id":"https:\/\/www.lapenoterie-dordogne.com\/de\/#organization"},"potentialAction":[{"@type":"SearchAction","target":{"@type":"EntryPoint","urlTemplate":"https:\/\/www.lapenoterie-dordogne.com\/de\/?s={search_term_string}"},"query-input":{"@type":"PropertyValueSpecification","valueRequired":true,"valueName":"search_term_string"}}],"inLanguage":"de"},{"@type":"Organization","@id":"https:\/\/www.lapenoterie-dordogne.com\/de\/#organization","name":"La Penoterie Dordogne","url":"https:\/\/www.lapenoterie-dordogne.com\/de\/","logo":{"@type":"ImageObject","inLanguage":"de","@id":"https:\/\/www.lapenoterie-dordogne.com\/de\/#\/schema\/logo\/image\/","url":"https:\/\/www.lapenoterie-dordogne.com\/wp-content\/uploads\/header-homepagina.jpg","contentUrl":"https:\/\/www.lapenoterie-dordogne.com\/wp-content\/uploads\/header-homepagina.jpg","width":1600,"height":1067,"caption":"La Penoterie Dordogne"},"image":{"@id":"https:\/\/www.lapenoterie-dordogne.com\/de\/#\/schema\/logo\/image\/"},"sameAs":["https:\/\/www.facebook.com\/people\/La-Penoterie-Dordogne\/100057469329295\/"]}]}},"_links":{"self":[{"href":"https:\/\/www.lapenoterie-dordogne.com\/de\/wp-json\/wp\/v2\/pages\/1718","targetHints":{"allow":["GET"]}}],"collection":[{"href":"https:\/\/www.lapenoterie-dordogne.com\/de\/wp-json\/wp\/v2\/pages"}],"about":[{"href":"https:\/\/www.lapenoterie-dordogne.com\/de\/wp-json\/wp\/v2\/types\/page"}],"author":[{"embeddable":true,"href":"https:\/\/www.lapenoterie-dordogne.com\/de\/wp-json\/wp\/v2\/users\/2"}],"replies":[{"embeddable":true,"href":"https:\/\/www.lapenoterie-dordogne.com\/de\/wp-json\/wp\/v2\/comments?post=1718"}],"version-history":[{"count":0,"href":"https:\/\/www.lapenoterie-dordogne.com\/de\/wp-json\/wp\/v2\/pages\/1718\/revisions"}],"wp:featuredmedia":[{"embeddable":true,"href":"https:\/\/www.lapenoterie-dordogne.com\/de\/wp-json\/wp\/v2\/media\/1523"}],"wp:attachment":[{"href":"https:\/\/www.lapenoterie-dordogne.com\/de\/wp-json\/wp\/v2\/media?parent=1718"}],"curies":[{"name":"wp","href":"https:\/\/api.w.org\/{rel}","templated":true}]}}