{"id":1739,"date":"2022-01-12T17:03:52","date_gmt":"2022-01-12T16:03:52","guid":{"rendered":"https:\/\/ellyjan.lapenoterie-dordogne.com\/prijzen\/"},"modified":"2023-11-04T14:41:34","modified_gmt":"2023-11-04T13:41:34","slug":"preisen","status":"publish","type":"page","link":"https:\/\/www.lapenoterie-dordogne.com\/de\/preisen\/","title":{"rendered":"Preisen"},"content":{"rendered":"\t\t<div data-elementor-type=\"wp-page\" data-elementor-id=\"1739\" class=\"elementor elementor-1739 elementor-73\" data-elementor-post-type=\"page\">\n\t\t\t\t\t\t<section class=\"elementor-section elementor-top-section elementor-element elementor-element-7980cf42 elementor-section-boxed elementor-section-height-default elementor-section-height-default\" data-id=\"7980cf42\" data-element_type=\"section\" data-e-type=\"section\">\n\t\t\t\t\t\t<div class=\"elementor-container elementor-column-gap-default\">\n\t\t\t\t\t<div class=\"elementor-column elementor-col-100 elementor-top-column elementor-element elementor-element-458e9d34\" data-id=\"458e9d34\" data-element_type=\"column\" data-e-type=\"column\">\n\t\t\t<div class=\"elementor-widget-wrap elementor-element-populated\">\n\t\t\t\t\t\t<div class=\"elementor-element elementor-element-43b8c6f2 elementor-widget elementor-widget-heading\" data-id=\"43b8c6f2\" data-element_type=\"widget\" data-e-type=\"widget\" data-widget_type=\"heading.default\">\n\t\t\t\t<div class=\"elementor-widget-container\">\n\t\t\t\t\t<h2 class=\"elementor-heading-title elementor-size-default\">Preisen<\/h2>\t\t\t\t<\/div>\n\t\t\t\t<\/div>\n\t\t\t\t\t<\/div>\n\t\t<\/div>\n\t\t\t\t\t<\/div>\n\t\t<\/section>\n\t\t\t\t<section class=\"elementor-section elementor-top-section elementor-element elementor-element-e757bf7 elementor-section-boxed elementor-section-height-default elementor-section-height-default\" data-id=\"e757bf7\" data-element_type=\"section\" data-e-type=\"section\">\n\t\t\t\t\t\t<div class=\"elementor-container elementor-column-gap-default\">\n\t\t\t\t\t<div class=\"elementor-column elementor-col-100 elementor-top-column elementor-element elementor-element-3b1b25b\" data-id=\"3b1b25b\" data-element_type=\"column\" data-e-type=\"column\">\n\t\t\t<div class=\"elementor-widget-wrap elementor-element-populated\">\n\t\t\t\t\t\t<div class=\"elementor-element elementor-element-2c5acd2 elementor-widget elementor-widget-heading\" data-id=\"2c5acd2\" data-element_type=\"widget\" data-e-type=\"widget\" data-widget_type=\"heading.default\">\n\t\t\t\t<div class=\"elementor-widget-container\">\n\t\t\t\t\t<h3 class=\"elementor-heading-title elementor-size-default\">Der Preis pro Woche f\u00fcr la Douce (2 - 3 Personen)<\/h3>\t\t\t\t<\/div>\n\t\t\t\t<\/div>\n\t\t\t\t<section class=\"elementor-section elementor-inner-section elementor-element elementor-element-db05f91 elementor-section-boxed elementor-section-height-default elementor-section-height-default\" data-id=\"db05f91\" data-element_type=\"section\" data-e-type=\"section\">\n\t\t\t\t\t\t<div class=\"elementor-container elementor-column-gap-default\">\n\t\t\t\t\t<div class=\"elementor-column elementor-col-50 elementor-inner-column elementor-element elementor-element-a728fb6\" data-id=\"a728fb6\" data-element_type=\"column\" data-e-type=\"column\">\n\t\t\t<div class=\"elementor-widget-wrap elementor-element-populated\">\n\t\t\t\t\t\t<div class=\"elementor-element elementor-element-5fe198a elementor-widget elementor-widget-shortcode\" data-id=\"5fe198a\" data-element_type=\"widget\" data-e-type=\"widget\" data-widget_type=\"shortcode.default\">\n\t\t\t\t<div class=\"elementor-widget-container\">\n\t\t\t\t\t\t\t<div class=\"elementor-shortcode\">\n<table id=\"tablepress-7\" class=\"tablepress tablepress-id-7\">\n<tbody>\n<tr class=\"row-1\">\n\t<td class=\"column-1\">Hochsaison<\/td><td class=\"column-2\">\u20ac 995<\/td><td class=\"column-3\">27. Juni bis zum 29. August 2026<\/td>\n<\/tr>\n<tr class=\"row-2\">\n\t<td class=\"column-1\">Zwischensaison<\/td><td class=\"column-2\">\u20ac 795<\/td><td class=\"column-3\">4. April bis zum 27. Juni 2026<br \/>\n29. August bis zum 24. Oktober 2026<\/td>\n<\/tr>\n<tr class=\"row-3\">\n\t<td class=\"column-1\">Nebensaison<\/td><td class=\"column-2\"><\/td><td class=\"column-3\">auf Anfrage<\/td>\n<\/tr>\n<\/tbody>\n<\/table>\n<!-- #tablepress-7 from cache --><\/div>\n\t\t\t\t\t\t<\/div>\n\t\t\t\t<\/div>\n\t\t\t\t\t<\/div>\n\t\t<\/div>\n\t\t\t\t<div class=\"elementor-column elementor-col-50 elementor-inner-column elementor-element elementor-element-60a3988\" data-id=\"60a3988\" data-element_type=\"column\" data-e-type=\"column\">\n\t\t\t<div class=\"elementor-widget-wrap elementor-element-populated\">\n\t\t\t\t\t\t<div class=\"elementor-element elementor-element-df6e184 elementor-align-right elementor-mobile-align-center elementor-widget elementor-widget-button\" data-id=\"df6e184\" data-element_type=\"widget\" data-e-type=\"widget\" data-widget_type=\"button.default\">\n\t\t\t\t<div class=\"elementor-widget-container\">\n\t\t\t\t\t\t\t\t\t<div class=\"elementor-button-wrapper\">\n\t\t\t\t\t<a class=\"elementor-button elementor-button-link elementor-size-lg\" href=\"mailto:info@lapenoterie-dordogne.com\">\n\t\t\t\t\t\t<span class=\"elementor-button-content-wrapper\">\n\t\t\t\t\t\t\t\t\t<span class=\"elementor-button-text\">Mailt uns<\/span>\n\t\t\t\t\t<\/span>\n\t\t\t\t\t<\/a>\n\t\t\t\t<\/div>\n\t\t\t\t\t\t\t\t<\/div>\n\t\t\t\t<\/div>\n\t\t\t\t\t<\/div>\n\t\t<\/div>\n\t\t\t\t\t<\/div>\n\t\t<\/section>\n\t\t\t\t\t<\/div>\n\t\t<\/div>\n\t\t\t\t\t<\/div>\n\t\t<\/section>\n\t\t\t\t<section class=\"elementor-section elementor-top-section elementor-element elementor-element-2c5ac6c elementor-section-boxed elementor-section-height-default elementor-section-height-default\" data-id=\"2c5ac6c\" data-element_type=\"section\" data-e-type=\"section\">\n\t\t\t\t\t\t<div class=\"elementor-container elementor-column-gap-default\">\n\t\t\t\t\t<div class=\"elementor-column elementor-col-100 elementor-top-column elementor-element elementor-element-6c87a3b\" data-id=\"6c87a3b\" data-element_type=\"column\" data-e-type=\"column\">\n\t\t\t<div class=\"elementor-widget-wrap elementor-element-populated\">\n\t\t\t\t\t\t<div class=\"elementor-element elementor-element-a8931dd elementor-widget elementor-widget-heading\" data-id=\"a8931dd\" data-element_type=\"widget\" data-e-type=\"widget\" data-widget_type=\"heading.default\">\n\t\t\t\t<div class=\"elementor-widget-container\">\n\t\t\t\t\t<h3 class=\"elementor-heading-title elementor-size-default\">Der Preis pro Woche f\u00fcr la Jolie (2 - 4 Personen)<\/h3>\t\t\t\t<\/div>\n\t\t\t\t<\/div>\n\t\t\t\t<section class=\"elementor-section elementor-inner-section elementor-element elementor-element-d35715e elementor-section-boxed elementor-section-height-default elementor-section-height-default\" data-id=\"d35715e\" data-element_type=\"section\" data-e-type=\"section\">\n\t\t\t\t\t\t<div class=\"elementor-container elementor-column-gap-default\">\n\t\t\t\t\t<div class=\"elementor-column elementor-col-50 elementor-inner-column elementor-element elementor-element-76d78a5\" data-id=\"76d78a5\" data-element_type=\"column\" data-e-type=\"column\">\n\t\t\t<div class=\"elementor-widget-wrap elementor-element-populated\">\n\t\t\t\t\t\t<div class=\"elementor-element elementor-element-acfbd28 elementor-widget elementor-widget-shortcode\" data-id=\"acfbd28\" data-element_type=\"widget\" data-e-type=\"widget\" data-widget_type=\"shortcode.default\">\n\t\t\t\t<div class=\"elementor-widget-container\">\n\t\t\t\t\t\t\t<div class=\"elementor-shortcode\">\n<table id=\"tablepress-8\" class=\"tablepress tablepress-id-8\">\n<tbody>\n<tr class=\"row-1\">\n\t<td class=\"column-1\">Hochsaison<\/td><td class=\"column-2\">\u20ac 1.395<\/td><td class=\"column-3\">27. Juni bis zum 29. August 2026<\/td>\n<\/tr>\n<tr class=\"row-2\">\n\t<td class=\"column-1\">Zwischensaison<\/td><td class=\"column-2\">\u20ac 1.045 vier Personen<br \/>\n\u20ac 895 zwei Personen<\/td><td class=\"column-3\">4. April bis zum 27. Juni 2026<br \/>\n29. August bis zum 24. Oktober 2026<\/td>\n<\/tr>\n<tr class=\"row-3\">\n\t<td class=\"column-1\">Nebensaison<\/td><td class=\"column-2\"><\/td><td class=\"column-3\">auf Anfrage<\/td>\n<\/tr>\n<\/tbody>\n<\/table>\n<!-- #tablepress-8 from cache --><\/div>\n\t\t\t\t\t\t<\/div>\n\t\t\t\t<\/div>\n\t\t\t\t\t<\/div>\n\t\t<\/div>\n\t\t\t\t<div class=\"elementor-column elementor-col-50 elementor-inner-column elementor-element elementor-element-0ab759d\" data-id=\"0ab759d\" data-element_type=\"column\" data-e-type=\"column\">\n\t\t\t<div class=\"elementor-widget-wrap\">\n\t\t\t\t\t\t\t<\/div>\n\t\t<\/div>\n\t\t\t\t\t<\/div>\n\t\t<\/section>\n\t\t\t\t\t<\/div>\n\t\t<\/div>\n\t\t\t\t\t<\/div>\n\t\t<\/section>\n\t\t\t\t<section class=\"elementor-section elementor-top-section elementor-element elementor-element-7b0d28c3 elementor-section-boxed elementor-section-height-default elementor-section-height-default\" data-id=\"7b0d28c3\" data-element_type=\"section\" data-e-type=\"section\">\n\t\t\t\t\t\t<div class=\"elementor-container elementor-column-gap-default\">\n\t\t\t\t\t<div class=\"elementor-column elementor-col-100 elementor-top-column elementor-element elementor-element-7ff3634e\" data-id=\"7ff3634e\" data-element_type=\"column\" data-e-type=\"column\">\n\t\t\t<div class=\"elementor-widget-wrap elementor-element-populated\">\n\t\t\t\t\t\t<div class=\"elementor-element elementor-element-7843b5f elementor-widget elementor-widget-heading\" data-id=\"7843b5f\" data-element_type=\"widget\" data-e-type=\"widget\" data-widget_type=\"heading.default\">\n\t\t\t\t<div class=\"elementor-widget-container\">\n\t\t\t\t\t<h2 class=\"elementor-heading-title elementor-size-default\">Einbegriffen im Mietpreis<\/h2>\t\t\t\t<\/div>\n\t\t\t\t<\/div>\n\t\t\t\t\t<\/div>\n\t\t<\/div>\n\t\t\t\t\t<\/div>\n\t\t<\/section>\n\t\t\t\t<section class=\"elementor-section elementor-top-section elementor-element elementor-element-50384213 elementor-section-boxed elementor-section-height-default elementor-section-height-default\" data-id=\"50384213\" data-element_type=\"section\" data-e-type=\"section\">\n\t\t\t\t\t\t<div class=\"elementor-container elementor-column-gap-default\">\n\t\t\t\t\t<div class=\"elementor-column elementor-col-66 elementor-top-column elementor-element elementor-element-10ba8d1f\" data-id=\"10ba8d1f\" data-element_type=\"column\" data-e-type=\"column\">\n\t\t\t<div class=\"elementor-widget-wrap elementor-element-populated\">\n\t\t\t\t\t\t<div class=\"elementor-element elementor-element-465d6492 elementor-widget elementor-widget-text-editor\" data-id=\"465d6492\" data-element_type=\"widget\" data-e-type=\"widget\" data-widget_type=\"text-editor.default\">\n\t\t\t\t<div class=\"elementor-widget-container\">\n\t\t\t\t\t\t\t\t\t<ul><li>Bettw\u00e4sche und Betten bei der Ankunft<\/li><li>K\u00fcchenw\u00e4sche<\/li><li>Handt\u00fccher<\/li><li>Die Verwendung von Gas, Wasser und Strom<\/li><li>Gebruik van Wifi<\/li><li>Kurtaxe<\/li><\/ul>\t\t\t\t\t\t\t\t<\/div>\n\t\t\t\t<\/div>\n\t\t\t\t\t<\/div>\n\t\t<\/div>\n\t\t\t\t<div class=\"elementor-column elementor-col-33 elementor-top-column elementor-element elementor-element-b271297\" data-id=\"b271297\" data-element_type=\"column\" data-e-type=\"column\" data-settings=\"{&quot;background_background&quot;:&quot;classic&quot;}\">\n\t\t\t<div class=\"elementor-widget-wrap elementor-element-populated\">\n\t\t\t\t\t\t<div class=\"elementor-element elementor-element-5fae01f elementor-widget elementor-widget-image\" data-id=\"5fae01f\" data-element_type=\"widget\" data-e-type=\"widget\" data-widget_type=\"image.default\">\n\t\t\t\t<div class=\"elementor-widget-container\">\n\t\t\t\t\t\t\t\t\t\t\t\t\t\t\t<img fetchpriority=\"high\" decoding=\"async\" width=\"800\" height=\"533\" src=\"https:\/\/www.lapenoterie-dordogne.com\/wp-content\/uploads\/header-homepagina-1200x800.jpg\" class=\"attachment-large size-large wp-image-1523\" alt=\"La Penoterie Dordogne Gites vakantiehuisjes\" srcset=\"https:\/\/www.lapenoterie-dordogne.com\/wp-content\/uploads\/header-homepagina-1200x800.jpg 1200w, https:\/\/www.lapenoterie-dordogne.com\/wp-content\/uploads\/header-homepagina-500x333.jpg 500w, https:\/\/www.lapenoterie-dordogne.com\/wp-content\/uploads\/header-homepagina-768x512.jpg 768w, https:\/\/www.lapenoterie-dordogne.com\/wp-content\/uploads\/header-homepagina-1536x1024.jpg 1536w, https:\/\/www.lapenoterie-dordogne.com\/wp-content\/uploads\/header-homepagina.jpg 1600w\" sizes=\"(max-width: 800px) 100vw, 800px\" \/>\t\t\t\t\t\t\t\t\t\t\t\t\t\t\t<\/div>\n\t\t\t\t<\/div>\n\t\t\t\t\t<\/div>\n\t\t<\/div>\n\t\t\t\t\t<\/div>\n\t\t<\/section>\n\t\t\t\t<section class=\"elementor-section elementor-top-section elementor-element elementor-element-372fe96 elementor-section-boxed elementor-section-height-default elementor-section-height-default\" data-id=\"372fe96\" data-element_type=\"section\" data-e-type=\"section\">\n\t\t\t\t\t\t<div class=\"elementor-container elementor-column-gap-default\">\n\t\t\t\t\t<div class=\"elementor-column elementor-col-50 elementor-top-column elementor-element elementor-element-26820fc\" data-id=\"26820fc\" data-element_type=\"column\" data-e-type=\"column\">\n\t\t\t<div class=\"elementor-widget-wrap elementor-element-populated\">\n\t\t\t\t\t\t<div class=\"elementor-element elementor-element-c7f1810 elementor-widget elementor-widget-text-editor\" data-id=\"c7f1810\" data-element_type=\"widget\" data-e-type=\"widget\" data-widget_type=\"text-editor.default\">\n\t\t\t\t<div class=\"elementor-widget-container\">\n\t\t\t\t\t\t\t\t\t<p><strong>Weitere Informationen<br \/><\/strong>Die Vermietung l\u00e4uft von Samstag bis Samstag. Im Mitte und Nebensaison kann nach Absprache hiervon abgewichen worden.<br \/>Die Anreise ist ab 16.00 Uhr und am Ende der Mietzeit sollten Sie um 10.00 Uhr die Wohnung verlassen haben.<\/p><p>Die <strong>Kaution<\/strong> betr\u00e4gt \u20ac 200, -.<br \/>F\u00fcr die Endreinigung fur La Douce wird \u20ac 50, \u2013 in Rechnung gestellt.<br \/>F\u00fcr La Jolie sind die Endreinigungskosten \u20ac 75,-.<\/p><p>In der Hochsaison vermieten wir die Ferienh\u00e4user f\u00fcr mindestens zwei wochen.<\/p>\t\t\t\t\t\t\t\t<\/div>\n\t\t\t\t<\/div>\n\t\t\t\t\t<\/div>\n\t\t<\/div>\n\t\t\t\t<div class=\"elementor-column elementor-col-50 elementor-top-column elementor-element elementor-element-eb35c77\" data-id=\"eb35c77\" data-element_type=\"column\" data-e-type=\"column\" data-settings=\"{&quot;background_background&quot;:&quot;classic&quot;}\">\n\t\t\t<div class=\"elementor-widget-wrap elementor-element-populated\">\n\t\t\t\t\t\t<div class=\"elementor-element elementor-element-df3ccd1 elementor-widget elementor-widget-text-editor\" data-id=\"df3ccd1\" data-element_type=\"widget\" data-e-type=\"widget\" data-widget_type=\"text-editor.default\">\n\t\t\t\t<div class=\"elementor-widget-container\">\n\t\t\t\t\t\t\t\t\t<p><strong>Reserve<\/strong><br \/>Reservierungen k\u00f6nnen per E-Mail erfolgen. Wir werden Ihnen eine Best\u00e4tigung schicken. Ihre Reservierung wird best\u00e4tigt, wenn wir die Anzahlung (50% der Gesamtbetrag) erhalten haben.<\/p><p>Der Restbetrag ist sechs Wochen vor der Ankunft an uns zu zahlen. Wenn Sie k\u00fcrzer als sechs Wochen im Voraus buchen, zahlen Sie den gesamten Betrag bei der Buchung.<\/p>\t\t\t\t\t\t\t\t<\/div>\n\t\t\t\t<\/div>\n\t\t\t\t\t<\/div>\n\t\t<\/div>\n\t\t\t\t\t<\/div>\n\t\t<\/section>\n\t\t\t\t<\/div>\n\t\t","protected":false},"excerpt":{"rendered":"<p>Preisen Der Preis pro Woche f\u00fcr la Douce (2 &#8211; 3 Personen) Mailt uns Der Preis pro Woche f\u00fcr la Jolie (2 &#8211; 4 Personen) Einbegriffen im Mietpreis Bettw\u00e4sche und Betten bei der Ankunft K\u00fcchenw\u00e4sche Handt\u00fccher Die Verwendung von Gas, Wasser und Strom Gebruik van Wifi Kurtaxe Weitere InformationenDie Vermietung l\u00e4uft von Samstag bis Samstag. [&hellip;]<\/p>\n","protected":false},"author":2,"featured_media":1586,"parent":0,"menu_order":0,"comment_status":"closed","ping_status":"closed","template":"","meta":{"footnotes":""},"class_list":["post-1739","page","type-page","status-publish","has-post-thumbnail","hentry"],"yoast_head":"<!-- This site is optimized with the Yoast SEO plugin v27.4 - https:\/\/yoast.com\/product\/yoast-seo-wordpress\/ -->\n<title>Preisen - La Penoterie Dordogne Gite vakantiehuis in de Dordogne, op een prachtige plek nabij Montignac<\/title>\n<meta name=\"robots\" content=\"index, follow, max-snippet:-1, max-image-preview:large, max-video-preview:-1\" \/>\n<link rel=\"canonical\" href=\"https:\/\/www.lapenoterie-dordogne.com\/de\/preisen\/\" \/>\n<meta property=\"og:locale\" content=\"de_DE\" \/>\n<meta property=\"og:type\" content=\"article\" \/>\n<meta property=\"og:title\" content=\"Preisen - La Penoterie Dordogne Gite vakantiehuis in de Dordogne, op een prachtige plek nabij Montignac\" \/>\n<meta property=\"og:description\" content=\"Preisen Der Preis pro Woche f\u00fcr la Douce (2 &#8211; 3 Personen) Mailt uns Der Preis pro Woche f\u00fcr la Jolie (2 &#8211; 4 Personen) Einbegriffen im Mietpreis Bettw\u00e4sche und Betten bei der Ankunft K\u00fcchenw\u00e4sche Handt\u00fccher Die Verwendung von Gas, Wasser und Strom Gebruik van Wifi Kurtaxe Weitere InformationenDie Vermietung l\u00e4uft von Samstag bis Samstag. [&hellip;]\" \/>\n<meta property=\"og:url\" content=\"https:\/\/www.lapenoterie-dordogne.com\/de\/preisen\/\" \/>\n<meta property=\"og:site_name\" content=\"La Penoterie Dordogne Gite vakantiehuis in de Dordogne, op een prachtige plek nabij Montignac\" \/>\n<meta property=\"article:publisher\" content=\"https:\/\/www.facebook.com\/people\/La-Penoterie-Dordogne\/100057469329295\/\" \/>\n<meta property=\"article:modified_time\" content=\"2023-11-04T13:41:34+00:00\" \/>\n<meta property=\"og:image\" content=\"https:\/\/www.lapenoterie-dordogne.com\/wp-content\/uploads\/prijzen-groenten.jpg\" \/>\n\t<meta property=\"og:image:width\" content=\"1600\" \/>\n\t<meta property=\"og:image:height\" content=\"850\" \/>\n\t<meta property=\"og:image:type\" content=\"image\/jpeg\" \/>\n<meta name=\"twitter:card\" content=\"summary_large_image\" \/>\n<meta name=\"twitter:label1\" content=\"Gesch\u00e4tzte Lesezeit\" \/>\n\t<meta name=\"twitter:data1\" content=\"2\u00a0Minuten\" \/>\n<script type=\"application\/ld+json\" class=\"yoast-schema-graph\">{\"@context\":\"https:\\\/\\\/schema.org\",\"@graph\":[{\"@type\":\"WebPage\",\"@id\":\"https:\\\/\\\/www.lapenoterie-dordogne.com\\\/de\\\/preisen\\\/\",\"url\":\"https:\\\/\\\/www.lapenoterie-dordogne.com\\\/de\\\/preisen\\\/\",\"name\":\"Preisen - La Penoterie Dordogne Gite vakantiehuis in de Dordogne, op een prachtige plek nabij Montignac\",\"isPartOf\":{\"@id\":\"https:\\\/\\\/www.lapenoterie-dordogne.com\\\/de\\\/#website\"},\"primaryImageOfPage\":{\"@id\":\"https:\\\/\\\/www.lapenoterie-dordogne.com\\\/de\\\/preisen\\\/#primaryimage\"},\"image\":{\"@id\":\"https:\\\/\\\/www.lapenoterie-dordogne.com\\\/de\\\/preisen\\\/#primaryimage\"},\"thumbnailUrl\":\"https:\\\/\\\/www.lapenoterie-dordogne.com\\\/wp-content\\\/uploads\\\/prijzen-groenten.jpg\",\"datePublished\":\"2022-01-12T16:03:52+00:00\",\"dateModified\":\"2023-11-04T13:41:34+00:00\",\"breadcrumb\":{\"@id\":\"https:\\\/\\\/www.lapenoterie-dordogne.com\\\/de\\\/preisen\\\/#breadcrumb\"},\"inLanguage\":\"de\",\"potentialAction\":[{\"@type\":\"ReadAction\",\"target\":[\"https:\\\/\\\/www.lapenoterie-dordogne.com\\\/de\\\/preisen\\\/\"]}]},{\"@type\":\"ImageObject\",\"inLanguage\":\"de\",\"@id\":\"https:\\\/\\\/www.lapenoterie-dordogne.com\\\/de\\\/preisen\\\/#primaryimage\",\"url\":\"https:\\\/\\\/www.lapenoterie-dordogne.com\\\/wp-content\\\/uploads\\\/prijzen-groenten.jpg\",\"contentUrl\":\"https:\\\/\\\/www.lapenoterie-dordogne.com\\\/wp-content\\\/uploads\\\/prijzen-groenten.jpg\",\"width\":1600,\"height\":850,\"caption\":\"Prijzen groenten\"},{\"@type\":\"BreadcrumbList\",\"@id\":\"https:\\\/\\\/www.lapenoterie-dordogne.com\\\/de\\\/preisen\\\/#breadcrumb\",\"itemListElement\":[{\"@type\":\"ListItem\",\"position\":1,\"name\":\"Home\",\"item\":\"https:\\\/\\\/www.lapenoterie-dordogne.com\\\/de\\\/\"},{\"@type\":\"ListItem\",\"position\":2,\"name\":\"Preisen\"}]},{\"@type\":\"WebSite\",\"@id\":\"https:\\\/\\\/www.lapenoterie-dordogne.com\\\/de\\\/#website\",\"url\":\"https:\\\/\\\/www.lapenoterie-dordogne.com\\\/de\\\/\",\"name\":\"La Penoterie Dordogne Gite vakantiehuis in de Dordogne, op een prachtige plek nabij Montignac\",\"description\":\"Op Domaine La Penoterie in de Dordogne zijn twee g\u00eetes te huur\",\"publisher\":{\"@id\":\"https:\\\/\\\/www.lapenoterie-dordogne.com\\\/de\\\/#organization\"},\"potentialAction\":[{\"@type\":\"SearchAction\",\"target\":{\"@type\":\"EntryPoint\",\"urlTemplate\":\"https:\\\/\\\/www.lapenoterie-dordogne.com\\\/de\\\/?s={search_term_string}\"},\"query-input\":{\"@type\":\"PropertyValueSpecification\",\"valueRequired\":true,\"valueName\":\"search_term_string\"}}],\"inLanguage\":\"de\"},{\"@type\":\"Organization\",\"@id\":\"https:\\\/\\\/www.lapenoterie-dordogne.com\\\/de\\\/#organization\",\"name\":\"La Penoterie Dordogne\",\"url\":\"https:\\\/\\\/www.lapenoterie-dordogne.com\\\/de\\\/\",\"logo\":{\"@type\":\"ImageObject\",\"inLanguage\":\"de\",\"@id\":\"https:\\\/\\\/www.lapenoterie-dordogne.com\\\/de\\\/#\\\/schema\\\/logo\\\/image\\\/\",\"url\":\"https:\\\/\\\/www.lapenoterie-dordogne.com\\\/wp-content\\\/uploads\\\/header-homepagina.jpg\",\"contentUrl\":\"https:\\\/\\\/www.lapenoterie-dordogne.com\\\/wp-content\\\/uploads\\\/header-homepagina.jpg\",\"width\":1600,\"height\":1067,\"caption\":\"La Penoterie Dordogne\"},\"image\":{\"@id\":\"https:\\\/\\\/www.lapenoterie-dordogne.com\\\/de\\\/#\\\/schema\\\/logo\\\/image\\\/\"},\"sameAs\":[\"https:\\\/\\\/www.facebook.com\\\/people\\\/La-Penoterie-Dordogne\\\/100057469329295\\\/\"]}]}<\/script>\n<!-- \/ Yoast SEO plugin. -->","yoast_head_json":{"title":"Preisen - La Penoterie Dordogne Gite vakantiehuis in de Dordogne, op een prachtige plek nabij Montignac","robots":{"index":"index","follow":"follow","max-snippet":"max-snippet:-1","max-image-preview":"max-image-preview:large","max-video-preview":"max-video-preview:-1"},"canonical":"https:\/\/www.lapenoterie-dordogne.com\/de\/preisen\/","og_locale":"de_DE","og_type":"article","og_title":"Preisen - La Penoterie Dordogne Gite vakantiehuis in de Dordogne, op een prachtige plek nabij Montignac","og_description":"Preisen Der Preis pro Woche f\u00fcr la Douce (2 &#8211; 3 Personen) Mailt uns Der Preis pro Woche f\u00fcr la Jolie (2 &#8211; 4 Personen) Einbegriffen im Mietpreis Bettw\u00e4sche und Betten bei der Ankunft K\u00fcchenw\u00e4sche Handt\u00fccher Die Verwendung von Gas, Wasser und Strom Gebruik van Wifi Kurtaxe Weitere InformationenDie Vermietung l\u00e4uft von Samstag bis Samstag. [&hellip;]","og_url":"https:\/\/www.lapenoterie-dordogne.com\/de\/preisen\/","og_site_name":"La Penoterie Dordogne Gite vakantiehuis in de Dordogne, op een prachtige plek nabij Montignac","article_publisher":"https:\/\/www.facebook.com\/people\/La-Penoterie-Dordogne\/100057469329295\/","article_modified_time":"2023-11-04T13:41:34+00:00","og_image":[{"width":1600,"height":850,"url":"https:\/\/www.lapenoterie-dordogne.com\/wp-content\/uploads\/prijzen-groenten.jpg","type":"image\/jpeg"}],"twitter_card":"summary_large_image","twitter_misc":{"Gesch\u00e4tzte Lesezeit":"2\u00a0Minuten"},"schema":{"@context":"https:\/\/schema.org","@graph":[{"@type":"WebPage","@id":"https:\/\/www.lapenoterie-dordogne.com\/de\/preisen\/","url":"https:\/\/www.lapenoterie-dordogne.com\/de\/preisen\/","name":"Preisen - La Penoterie Dordogne Gite vakantiehuis in de Dordogne, op een prachtige plek nabij Montignac","isPartOf":{"@id":"https:\/\/www.lapenoterie-dordogne.com\/de\/#website"},"primaryImageOfPage":{"@id":"https:\/\/www.lapenoterie-dordogne.com\/de\/preisen\/#primaryimage"},"image":{"@id":"https:\/\/www.lapenoterie-dordogne.com\/de\/preisen\/#primaryimage"},"thumbnailUrl":"https:\/\/www.lapenoterie-dordogne.com\/wp-content\/uploads\/prijzen-groenten.jpg","datePublished":"2022-01-12T16:03:52+00:00","dateModified":"2023-11-04T13:41:34+00:00","breadcrumb":{"@id":"https:\/\/www.lapenoterie-dordogne.com\/de\/preisen\/#breadcrumb"},"inLanguage":"de","potentialAction":[{"@type":"ReadAction","target":["https:\/\/www.lapenoterie-dordogne.com\/de\/preisen\/"]}]},{"@type":"ImageObject","inLanguage":"de","@id":"https:\/\/www.lapenoterie-dordogne.com\/de\/preisen\/#primaryimage","url":"https:\/\/www.lapenoterie-dordogne.com\/wp-content\/uploads\/prijzen-groenten.jpg","contentUrl":"https:\/\/www.lapenoterie-dordogne.com\/wp-content\/uploads\/prijzen-groenten.jpg","width":1600,"height":850,"caption":"Prijzen groenten"},{"@type":"BreadcrumbList","@id":"https:\/\/www.lapenoterie-dordogne.com\/de\/preisen\/#breadcrumb","itemListElement":[{"@type":"ListItem","position":1,"name":"Home","item":"https:\/\/www.lapenoterie-dordogne.com\/de\/"},{"@type":"ListItem","position":2,"name":"Preisen"}]},{"@type":"WebSite","@id":"https:\/\/www.lapenoterie-dordogne.com\/de\/#website","url":"https:\/\/www.lapenoterie-dordogne.com\/de\/","name":"La Penoterie Dordogne Gite vakantiehuis in de Dordogne, op een prachtige plek nabij Montignac","description":"Op Domaine La Penoterie in de Dordogne zijn twee g\u00eetes te huur","publisher":{"@id":"https:\/\/www.lapenoterie-dordogne.com\/de\/#organization"},"potentialAction":[{"@type":"SearchAction","target":{"@type":"EntryPoint","urlTemplate":"https:\/\/www.lapenoterie-dordogne.com\/de\/?s={search_term_string}"},"query-input":{"@type":"PropertyValueSpecification","valueRequired":true,"valueName":"search_term_string"}}],"inLanguage":"de"},{"@type":"Organization","@id":"https:\/\/www.lapenoterie-dordogne.com\/de\/#organization","name":"La Penoterie Dordogne","url":"https:\/\/www.lapenoterie-dordogne.com\/de\/","logo":{"@type":"ImageObject","inLanguage":"de","@id":"https:\/\/www.lapenoterie-dordogne.com\/de\/#\/schema\/logo\/image\/","url":"https:\/\/www.lapenoterie-dordogne.com\/wp-content\/uploads\/header-homepagina.jpg","contentUrl":"https:\/\/www.lapenoterie-dordogne.com\/wp-content\/uploads\/header-homepagina.jpg","width":1600,"height":1067,"caption":"La Penoterie Dordogne"},"image":{"@id":"https:\/\/www.lapenoterie-dordogne.com\/de\/#\/schema\/logo\/image\/"},"sameAs":["https:\/\/www.facebook.com\/people\/La-Penoterie-Dordogne\/100057469329295\/"]}]}},"_links":{"self":[{"href":"https:\/\/www.lapenoterie-dordogne.com\/de\/wp-json\/wp\/v2\/pages\/1739","targetHints":{"allow":["GET"]}}],"collection":[{"href":"https:\/\/www.lapenoterie-dordogne.com\/de\/wp-json\/wp\/v2\/pages"}],"about":[{"href":"https:\/\/www.lapenoterie-dordogne.com\/de\/wp-json\/wp\/v2\/types\/page"}],"author":[{"embeddable":true,"href":"https:\/\/www.lapenoterie-dordogne.com\/de\/wp-json\/wp\/v2\/users\/2"}],"replies":[{"embeddable":true,"href":"https:\/\/www.lapenoterie-dordogne.com\/de\/wp-json\/wp\/v2\/comments?post=1739"}],"version-history":[{"count":0,"href":"https:\/\/www.lapenoterie-dordogne.com\/de\/wp-json\/wp\/v2\/pages\/1739\/revisions"}],"wp:featuredmedia":[{"embeddable":true,"href":"https:\/\/www.lapenoterie-dordogne.com\/de\/wp-json\/wp\/v2\/media\/1586"}],"wp:attachment":[{"href":"https:\/\/www.lapenoterie-dordogne.com\/de\/wp-json\/wp\/v2\/media?parent=1739"}],"curies":[{"name":"wp","href":"https:\/\/api.w.org\/{rel}","templated":true}]}}