{"id":1753,"date":"2022-01-12T17:04:54","date_gmt":"2022-01-12T16:04:54","guid":{"rendered":"https:\/\/ellyjan.lapenoterie-dordogne.com\/verleden-en-toekomst\/"},"modified":"2022-01-25T20:17:31","modified_gmt":"2022-01-25T19:17:31","slug":"vergangenheit-und-zukunft","status":"publish","type":"page","link":"https:\/\/www.lapenoterie-dordogne.com\/de\/vergangenheit-und-zukunft\/","title":{"rendered":"Vergangenheit und Zukunft"},"content":{"rendered":"\t\t<div data-elementor-type=\"wp-page\" data-elementor-id=\"1753\" class=\"elementor elementor-1753 elementor-77\" data-elementor-post-type=\"page\">\n\t\t\t\t\t\t<section class=\"elementor-section elementor-top-section elementor-element elementor-element-18db832f elementor-section-boxed elementor-section-height-default elementor-section-height-default\" data-id=\"18db832f\" data-element_type=\"section\" data-e-type=\"section\">\n\t\t\t\t\t\t<div class=\"elementor-container elementor-column-gap-default\">\n\t\t\t\t\t<div class=\"elementor-column elementor-col-100 elementor-top-column elementor-element elementor-element-7d0b5056\" data-id=\"7d0b5056\" data-element_type=\"column\" data-e-type=\"column\">\n\t\t\t<div class=\"elementor-widget-wrap elementor-element-populated\">\n\t\t\t\t\t\t<div class=\"elementor-element elementor-element-764c55f8 elementor-widget elementor-widget-heading\" data-id=\"764c55f8\" data-element_type=\"widget\" data-e-type=\"widget\" data-widget_type=\"heading.default\">\n\t\t\t\t<div class=\"elementor-widget-container\">\n\t\t\t\t\t<h2 class=\"elementor-heading-title elementor-size-default\">Vergangenheit und Zukunft<\/h2>\t\t\t\t<\/div>\n\t\t\t\t<\/div>\n\t\t\t\t\t<\/div>\n\t\t<\/div>\n\t\t\t\t\t<\/div>\n\t\t<\/section>\n\t\t\t\t<section class=\"elementor-section elementor-top-section elementor-element elementor-element-694809dc elementor-section-boxed elementor-section-height-default elementor-section-height-default\" data-id=\"694809dc\" data-element_type=\"section\" data-e-type=\"section\">\n\t\t\t\t\t\t<div class=\"elementor-container elementor-column-gap-default\">\n\t\t\t\t\t<div class=\"elementor-column elementor-col-66 elementor-top-column elementor-element elementor-element-ed21565\" data-id=\"ed21565\" data-element_type=\"column\" data-e-type=\"column\">\n\t\t\t<div class=\"elementor-widget-wrap elementor-element-populated\">\n\t\t\t\t\t\t<div class=\"elementor-element elementor-element-92ace39 elementor-widget elementor-widget-heading\" data-id=\"92ace39\" data-element_type=\"widget\" data-e-type=\"widget\" data-widget_type=\"heading.default\">\n\t\t\t\t<div class=\"elementor-widget-container\">\n\t\t\t\t\t<h3 class=\"elementor-heading-title elementor-size-default\">La Penoterie - Die Vergangenheit<\/h3>\t\t\t\t<\/div>\n\t\t\t\t<\/div>\n\t\t\t\t<div class=\"elementor-element elementor-element-69ed2cd8 elementor-widget elementor-widget-text-editor\" data-id=\"69ed2cd8\" data-element_type=\"widget\" data-e-type=\"widget\" data-widget_type=\"text-editor.default\">\n\t\t\t\t<div class=\"elementor-widget-container\">\n\t\t\t\t\t\t\t\t\t<p>Ueber der Name \u201eLa Penoterie\u201c gibt es mehrere Geschichten. Eine M\u00f6glichkeit besteht darin, dass die Nussb\u00e4ume, die auf dem Gebiet sind, zu diesem Namen gef\u00fchrt haben. Eine andere M\u00f6glichkeit kann mit Wein zu tun haben. Bis 1956 wurden Trauben kultiviert in diesem Bereich. Es k\u00f6nnte sein, dass der Name Pinot Traube von dieser Domain kommt. Und vielleicht ist die Erkl\u00e4rung viel einfacher und war das Gel\u00e4nde jemals von Mr. oder Mrs. Pen oder Penot Besitz. Viele Namen von Domains sind mal aus dem Namen des Besitzers zusammengestellt worden.<\/p><p>Im Jahr 2012 kauften wir La Penoterie. Wegen der Region, das Dorf von Montignac und die Lage von La Penoterie haben wir uns sofort verliebt mit La Penoterie. Das Ganze war vernachl\u00e4ssigt und unsere erste Arbeit bestand darin riesigen Brombeerstr\u00e4ucher, die Besitz der Anlage genommen hatten zu entfernen.<\/p>\t\t\t\t\t\t\t\t<\/div>\n\t\t\t\t<\/div>\n\t\t\t\t\t<\/div>\n\t\t<\/div>\n\t\t\t\t<div class=\"elementor-column elementor-col-33 elementor-top-column elementor-element elementor-element-2126a5b9\" data-id=\"2126a5b9\" data-element_type=\"column\" data-e-type=\"column\" data-settings=\"{&quot;background_background&quot;:&quot;classic&quot;}\">\n\t\t\t<div class=\"elementor-widget-wrap elementor-element-populated\">\n\t\t\t\t\t\t<div class=\"elementor-element elementor-element-75baa5b elementor-widget elementor-widget-image\" data-id=\"75baa5b\" data-element_type=\"widget\" data-e-type=\"widget\" data-widget_type=\"image.default\">\n\t\t\t\t<div class=\"elementor-widget-container\">\n\t\t\t\t\t\t\t\t\t\t\t\t\t\t\t<img fetchpriority=\"high\" decoding=\"async\" width=\"600\" height=\"400\" src=\"https:\/\/www.lapenoterie-dordogne.com\/wp-content\/uploads\/druiventros.jpg\" class=\"attachment-large size-large wp-image-746\" alt=\"Druiventros\" srcset=\"https:\/\/www.lapenoterie-dordogne.com\/wp-content\/uploads\/druiventros.jpg 600w, https:\/\/www.lapenoterie-dordogne.com\/wp-content\/uploads\/druiventros-500x333.jpg 500w\" sizes=\"(max-width: 600px) 100vw, 600px\" \/>\t\t\t\t\t\t\t\t\t\t\t\t\t\t\t<\/div>\n\t\t\t\t<\/div>\n\t\t\t\t\t<\/div>\n\t\t<\/div>\n\t\t\t\t\t<\/div>\n\t\t<\/section>\n\t\t\t\t<section class=\"elementor-section elementor-top-section elementor-element elementor-element-aa2b48b elementor-reverse-mobile elementor-section-boxed elementor-section-height-default elementor-section-height-default\" data-id=\"aa2b48b\" data-element_type=\"section\" data-e-type=\"section\">\n\t\t\t\t\t\t<div class=\"elementor-container elementor-column-gap-default\">\n\t\t\t\t\t<div class=\"elementor-column elementor-col-66 elementor-top-column elementor-element elementor-element-098d6d6\" data-id=\"098d6d6\" data-element_type=\"column\" data-e-type=\"column\">\n\t\t\t<div class=\"elementor-widget-wrap elementor-element-populated\">\n\t\t\t\t\t\t<div class=\"elementor-element elementor-element-68071e2 elementor-widget elementor-widget-image\" data-id=\"68071e2\" data-element_type=\"widget\" data-e-type=\"widget\" data-widget_type=\"image.default\">\n\t\t\t\t<div class=\"elementor-widget-container\">\n\t\t\t\t\t\t\t\t\t\t\t\t\t\t\t<img decoding=\"async\" width=\"800\" height=\"600\" src=\"https:\/\/www.lapenoterie-dordogne.com\/wp-content\/uploads\/Kippen.jpg\" class=\"attachment-large size-large wp-image-750\" alt=\"Kippen\" srcset=\"https:\/\/www.lapenoterie-dordogne.com\/wp-content\/uploads\/Kippen.jpg 1280w, https:\/\/www.lapenoterie-dordogne.com\/wp-content\/uploads\/Kippen-467x350.jpg 467w, https:\/\/www.lapenoterie-dordogne.com\/wp-content\/uploads\/Kippen-768x576.jpg 768w\" sizes=\"(max-width: 800px) 100vw, 800px\" \/>\t\t\t\t\t\t\t\t\t\t\t\t\t\t\t<\/div>\n\t\t\t\t<\/div>\n\t\t\t\t\t<\/div>\n\t\t<\/div>\n\t\t\t\t<div class=\"elementor-column elementor-col-33 elementor-top-column elementor-element elementor-element-9bfc5ff\" data-id=\"9bfc5ff\" data-element_type=\"column\" data-e-type=\"column\" data-settings=\"{&quot;background_background&quot;:&quot;classic&quot;}\">\n\t\t\t<div class=\"elementor-widget-wrap elementor-element-populated\">\n\t\t\t\t\t\t<div class=\"elementor-element elementor-element-f736544 elementor-widget elementor-widget-heading\" data-id=\"f736544\" data-element_type=\"widget\" data-e-type=\"widget\" data-widget_type=\"heading.default\">\n\t\t\t\t<div class=\"elementor-widget-container\">\n\t\t\t\t\t<h3 class=\"elementor-heading-title elementor-size-default\">La Penoterie - Heute<\/h3>\t\t\t\t<\/div>\n\t\t\t\t<\/div>\n\t\t\t\t<div class=\"elementor-element elementor-element-2860ade elementor-widget elementor-widget-text-editor\" data-id=\"2860ade\" data-element_type=\"widget\" data-e-type=\"widget\" data-widget_type=\"text-editor.default\">\n\t\t\t\t<div class=\"elementor-widget-container\">\n\t\t\t\t\t\t\t\t\t<p>Wir genie\u00dfen t\u00e4glich die Aussicht, die Ruhe und die atemberaubende Landschaft.<\/p><p>Unser Haus und die zwei Wohnungen wurden gr\u00fcndlich renoviert.<\/p><p>Auch der Swimming Pool ist bereit und bietet K\u00fchle an hei\u00dfen Tagen.<\/p>\t\t\t\t\t\t\t\t<\/div>\n\t\t\t\t<\/div>\n\t\t\t\t\t<\/div>\n\t\t<\/div>\n\t\t\t\t\t<\/div>\n\t\t<\/section>\n\t\t\t\t<\/div>\n\t\t","protected":false},"excerpt":{"rendered":"<p>Vergangenheit und Zukunft La Penoterie &#8211; Die Vergangenheit Ueber der Name \u201eLa Penoterie\u201c gibt es mehrere Geschichten. Eine M\u00f6glichkeit besteht darin, dass die Nussb\u00e4ume, die auf dem Gebiet sind, zu diesem Namen gef\u00fchrt haben. Eine andere M\u00f6glichkeit kann mit Wein zu tun haben. Bis 1956 wurden Trauben kultiviert in diesem Bereich. Es k\u00f6nnte sein, dass [&hellip;]<\/p>\n","protected":false},"author":2,"featured_media":1602,"parent":0,"menu_order":0,"comment_status":"closed","ping_status":"closed","template":"","meta":{"footnotes":""},"class_list":["post-1753","page","type-page","status-publish","has-post-thumbnail","hentry"],"yoast_head":"<!-- This site is optimized with the Yoast SEO plugin v27.4 - https:\/\/yoast.com\/product\/yoast-seo-wordpress\/ -->\n<title>Vergangenheit und Zukunft - La Penoterie Dordogne Gite vakantiehuis in de Dordogne, op een prachtige plek nabij Montignac<\/title>\n<meta name=\"robots\" content=\"index, follow, max-snippet:-1, max-image-preview:large, max-video-preview:-1\" \/>\n<link rel=\"canonical\" href=\"https:\/\/www.lapenoterie-dordogne.com\/de\/vergangenheit-und-zukunft\/\" \/>\n<meta property=\"og:locale\" content=\"de_DE\" \/>\n<meta property=\"og:type\" content=\"article\" \/>\n<meta property=\"og:title\" content=\"Vergangenheit und Zukunft - La Penoterie Dordogne Gite vakantiehuis in de Dordogne, op een prachtige plek nabij Montignac\" \/>\n<meta property=\"og:description\" content=\"Vergangenheit und Zukunft La Penoterie &#8211; Die Vergangenheit Ueber der Name \u201eLa Penoterie\u201c gibt es mehrere Geschichten. Eine M\u00f6glichkeit besteht darin, dass die Nussb\u00e4ume, die auf dem Gebiet sind, zu diesem Namen gef\u00fchrt haben. Eine andere M\u00f6glichkeit kann mit Wein zu tun haben. Bis 1956 wurden Trauben kultiviert in diesem Bereich. Es k\u00f6nnte sein, dass [&hellip;]\" \/>\n<meta property=\"og:url\" content=\"https:\/\/www.lapenoterie-dordogne.com\/de\/vergangenheit-und-zukunft\/\" \/>\n<meta property=\"og:site_name\" content=\"La Penoterie Dordogne Gite vakantiehuis in de Dordogne, op een prachtige plek nabij Montignac\" \/>\n<meta property=\"article:publisher\" content=\"https:\/\/www.facebook.com\/people\/La-Penoterie-Dordogne\/100057469329295\/\" \/>\n<meta property=\"article:modified_time\" content=\"2022-01-25T19:17:31+00:00\" \/>\n<meta property=\"og:image\" content=\"https:\/\/www.lapenoterie-dordogne.com\/wp-content\/uploads\/header-verleden-toekomst.jpg\" \/>\n\t<meta property=\"og:image:width\" content=\"1600\" \/>\n\t<meta property=\"og:image:height\" content=\"770\" \/>\n\t<meta property=\"og:image:type\" content=\"image\/jpeg\" \/>\n<meta name=\"twitter:card\" content=\"summary_large_image\" \/>\n<meta name=\"twitter:label1\" content=\"Gesch\u00e4tzte Lesezeit\" \/>\n\t<meta name=\"twitter:data1\" content=\"1\u00a0Minute\" \/>\n<script type=\"application\/ld+json\" class=\"yoast-schema-graph\">{\"@context\":\"https:\\\/\\\/schema.org\",\"@graph\":[{\"@type\":\"WebPage\",\"@id\":\"https:\\\/\\\/www.lapenoterie-dordogne.com\\\/de\\\/vergangenheit-und-zukunft\\\/\",\"url\":\"https:\\\/\\\/www.lapenoterie-dordogne.com\\\/de\\\/vergangenheit-und-zukunft\\\/\",\"name\":\"Vergangenheit und Zukunft - La Penoterie Dordogne Gite vakantiehuis in de Dordogne, op een prachtige plek nabij Montignac\",\"isPartOf\":{\"@id\":\"https:\\\/\\\/www.lapenoterie-dordogne.com\\\/de\\\/#website\"},\"primaryImageOfPage\":{\"@id\":\"https:\\\/\\\/www.lapenoterie-dordogne.com\\\/de\\\/vergangenheit-und-zukunft\\\/#primaryimage\"},\"image\":{\"@id\":\"https:\\\/\\\/www.lapenoterie-dordogne.com\\\/de\\\/vergangenheit-und-zukunft\\\/#primaryimage\"},\"thumbnailUrl\":\"https:\\\/\\\/www.lapenoterie-dordogne.com\\\/wp-content\\\/uploads\\\/header-verleden-toekomst.jpg\",\"datePublished\":\"2022-01-12T16:04:54+00:00\",\"dateModified\":\"2022-01-25T19:17:31+00:00\",\"breadcrumb\":{\"@id\":\"https:\\\/\\\/www.lapenoterie-dordogne.com\\\/de\\\/vergangenheit-und-zukunft\\\/#breadcrumb\"},\"inLanguage\":\"de\",\"potentialAction\":[{\"@type\":\"ReadAction\",\"target\":[\"https:\\\/\\\/www.lapenoterie-dordogne.com\\\/de\\\/vergangenheit-und-zukunft\\\/\"]}]},{\"@type\":\"ImageObject\",\"inLanguage\":\"de\",\"@id\":\"https:\\\/\\\/www.lapenoterie-dordogne.com\\\/de\\\/vergangenheit-und-zukunft\\\/#primaryimage\",\"url\":\"https:\\\/\\\/www.lapenoterie-dordogne.com\\\/wp-content\\\/uploads\\\/header-verleden-toekomst.jpg\",\"contentUrl\":\"https:\\\/\\\/www.lapenoterie-dordogne.com\\\/wp-content\\\/uploads\\\/header-verleden-toekomst.jpg\",\"width\":1600,\"height\":770},{\"@type\":\"BreadcrumbList\",\"@id\":\"https:\\\/\\\/www.lapenoterie-dordogne.com\\\/de\\\/vergangenheit-und-zukunft\\\/#breadcrumb\",\"itemListElement\":[{\"@type\":\"ListItem\",\"position\":1,\"name\":\"Home\",\"item\":\"https:\\\/\\\/www.lapenoterie-dordogne.com\\\/de\\\/\"},{\"@type\":\"ListItem\",\"position\":2,\"name\":\"Vergangenheit und Zukunft\"}]},{\"@type\":\"WebSite\",\"@id\":\"https:\\\/\\\/www.lapenoterie-dordogne.com\\\/de\\\/#website\",\"url\":\"https:\\\/\\\/www.lapenoterie-dordogne.com\\\/de\\\/\",\"name\":\"La Penoterie Dordogne Gite vakantiehuis in de Dordogne, op een prachtige plek nabij Montignac\",\"description\":\"Op Domaine La Penoterie in de Dordogne zijn twee g\u00eetes te huur\",\"publisher\":{\"@id\":\"https:\\\/\\\/www.lapenoterie-dordogne.com\\\/de\\\/#organization\"},\"potentialAction\":[{\"@type\":\"SearchAction\",\"target\":{\"@type\":\"EntryPoint\",\"urlTemplate\":\"https:\\\/\\\/www.lapenoterie-dordogne.com\\\/de\\\/?s={search_term_string}\"},\"query-input\":{\"@type\":\"PropertyValueSpecification\",\"valueRequired\":true,\"valueName\":\"search_term_string\"}}],\"inLanguage\":\"de\"},{\"@type\":\"Organization\",\"@id\":\"https:\\\/\\\/www.lapenoterie-dordogne.com\\\/de\\\/#organization\",\"name\":\"La Penoterie Dordogne\",\"url\":\"https:\\\/\\\/www.lapenoterie-dordogne.com\\\/de\\\/\",\"logo\":{\"@type\":\"ImageObject\",\"inLanguage\":\"de\",\"@id\":\"https:\\\/\\\/www.lapenoterie-dordogne.com\\\/de\\\/#\\\/schema\\\/logo\\\/image\\\/\",\"url\":\"https:\\\/\\\/www.lapenoterie-dordogne.com\\\/wp-content\\\/uploads\\\/header-homepagina.jpg\",\"contentUrl\":\"https:\\\/\\\/www.lapenoterie-dordogne.com\\\/wp-content\\\/uploads\\\/header-homepagina.jpg\",\"width\":1600,\"height\":1067,\"caption\":\"La Penoterie Dordogne\"},\"image\":{\"@id\":\"https:\\\/\\\/www.lapenoterie-dordogne.com\\\/de\\\/#\\\/schema\\\/logo\\\/image\\\/\"},\"sameAs\":[\"https:\\\/\\\/www.facebook.com\\\/people\\\/La-Penoterie-Dordogne\\\/100057469329295\\\/\"]}]}<\/script>\n<!-- \/ Yoast SEO plugin. -->","yoast_head_json":{"title":"Vergangenheit und Zukunft - La Penoterie Dordogne Gite vakantiehuis in de Dordogne, op een prachtige plek nabij Montignac","robots":{"index":"index","follow":"follow","max-snippet":"max-snippet:-1","max-image-preview":"max-image-preview:large","max-video-preview":"max-video-preview:-1"},"canonical":"https:\/\/www.lapenoterie-dordogne.com\/de\/vergangenheit-und-zukunft\/","og_locale":"de_DE","og_type":"article","og_title":"Vergangenheit und Zukunft - La Penoterie Dordogne Gite vakantiehuis in de Dordogne, op een prachtige plek nabij Montignac","og_description":"Vergangenheit und Zukunft La Penoterie &#8211; Die Vergangenheit Ueber der Name \u201eLa Penoterie\u201c gibt es mehrere Geschichten. Eine M\u00f6glichkeit besteht darin, dass die Nussb\u00e4ume, die auf dem Gebiet sind, zu diesem Namen gef\u00fchrt haben. Eine andere M\u00f6glichkeit kann mit Wein zu tun haben. Bis 1956 wurden Trauben kultiviert in diesem Bereich. Es k\u00f6nnte sein, dass [&hellip;]","og_url":"https:\/\/www.lapenoterie-dordogne.com\/de\/vergangenheit-und-zukunft\/","og_site_name":"La Penoterie Dordogne Gite vakantiehuis in de Dordogne, op een prachtige plek nabij Montignac","article_publisher":"https:\/\/www.facebook.com\/people\/La-Penoterie-Dordogne\/100057469329295\/","article_modified_time":"2022-01-25T19:17:31+00:00","og_image":[{"width":1600,"height":770,"url":"https:\/\/www.lapenoterie-dordogne.com\/wp-content\/uploads\/header-verleden-toekomst.jpg","type":"image\/jpeg"}],"twitter_card":"summary_large_image","twitter_misc":{"Gesch\u00e4tzte Lesezeit":"1\u00a0Minute"},"schema":{"@context":"https:\/\/schema.org","@graph":[{"@type":"WebPage","@id":"https:\/\/www.lapenoterie-dordogne.com\/de\/vergangenheit-und-zukunft\/","url":"https:\/\/www.lapenoterie-dordogne.com\/de\/vergangenheit-und-zukunft\/","name":"Vergangenheit und Zukunft - La Penoterie Dordogne Gite vakantiehuis in de Dordogne, op een prachtige plek nabij Montignac","isPartOf":{"@id":"https:\/\/www.lapenoterie-dordogne.com\/de\/#website"},"primaryImageOfPage":{"@id":"https:\/\/www.lapenoterie-dordogne.com\/de\/vergangenheit-und-zukunft\/#primaryimage"},"image":{"@id":"https:\/\/www.lapenoterie-dordogne.com\/de\/vergangenheit-und-zukunft\/#primaryimage"},"thumbnailUrl":"https:\/\/www.lapenoterie-dordogne.com\/wp-content\/uploads\/header-verleden-toekomst.jpg","datePublished":"2022-01-12T16:04:54+00:00","dateModified":"2022-01-25T19:17:31+00:00","breadcrumb":{"@id":"https:\/\/www.lapenoterie-dordogne.com\/de\/vergangenheit-und-zukunft\/#breadcrumb"},"inLanguage":"de","potentialAction":[{"@type":"ReadAction","target":["https:\/\/www.lapenoterie-dordogne.com\/de\/vergangenheit-und-zukunft\/"]}]},{"@type":"ImageObject","inLanguage":"de","@id":"https:\/\/www.lapenoterie-dordogne.com\/de\/vergangenheit-und-zukunft\/#primaryimage","url":"https:\/\/www.lapenoterie-dordogne.com\/wp-content\/uploads\/header-verleden-toekomst.jpg","contentUrl":"https:\/\/www.lapenoterie-dordogne.com\/wp-content\/uploads\/header-verleden-toekomst.jpg","width":1600,"height":770},{"@type":"BreadcrumbList","@id":"https:\/\/www.lapenoterie-dordogne.com\/de\/vergangenheit-und-zukunft\/#breadcrumb","itemListElement":[{"@type":"ListItem","position":1,"name":"Home","item":"https:\/\/www.lapenoterie-dordogne.com\/de\/"},{"@type":"ListItem","position":2,"name":"Vergangenheit und Zukunft"}]},{"@type":"WebSite","@id":"https:\/\/www.lapenoterie-dordogne.com\/de\/#website","url":"https:\/\/www.lapenoterie-dordogne.com\/de\/","name":"La Penoterie Dordogne Gite vakantiehuis in de Dordogne, op een prachtige plek nabij Montignac","description":"Op Domaine La Penoterie in de Dordogne zijn twee g\u00eetes te huur","publisher":{"@id":"https:\/\/www.lapenoterie-dordogne.com\/de\/#organization"},"potentialAction":[{"@type":"SearchAction","target":{"@type":"EntryPoint","urlTemplate":"https:\/\/www.lapenoterie-dordogne.com\/de\/?s={search_term_string}"},"query-input":{"@type":"PropertyValueSpecification","valueRequired":true,"valueName":"search_term_string"}}],"inLanguage":"de"},{"@type":"Organization","@id":"https:\/\/www.lapenoterie-dordogne.com\/de\/#organization","name":"La Penoterie Dordogne","url":"https:\/\/www.lapenoterie-dordogne.com\/de\/","logo":{"@type":"ImageObject","inLanguage":"de","@id":"https:\/\/www.lapenoterie-dordogne.com\/de\/#\/schema\/logo\/image\/","url":"https:\/\/www.lapenoterie-dordogne.com\/wp-content\/uploads\/header-homepagina.jpg","contentUrl":"https:\/\/www.lapenoterie-dordogne.com\/wp-content\/uploads\/header-homepagina.jpg","width":1600,"height":1067,"caption":"La Penoterie Dordogne"},"image":{"@id":"https:\/\/www.lapenoterie-dordogne.com\/de\/#\/schema\/logo\/image\/"},"sameAs":["https:\/\/www.facebook.com\/people\/La-Penoterie-Dordogne\/100057469329295\/"]}]}},"_links":{"self":[{"href":"https:\/\/www.lapenoterie-dordogne.com\/de\/wp-json\/wp\/v2\/pages\/1753","targetHints":{"allow":["GET"]}}],"collection":[{"href":"https:\/\/www.lapenoterie-dordogne.com\/de\/wp-json\/wp\/v2\/pages"}],"about":[{"href":"https:\/\/www.lapenoterie-dordogne.com\/de\/wp-json\/wp\/v2\/types\/page"}],"author":[{"embeddable":true,"href":"https:\/\/www.lapenoterie-dordogne.com\/de\/wp-json\/wp\/v2\/users\/2"}],"replies":[{"embeddable":true,"href":"https:\/\/www.lapenoterie-dordogne.com\/de\/wp-json\/wp\/v2\/comments?post=1753"}],"version-history":[{"count":0,"href":"https:\/\/www.lapenoterie-dordogne.com\/de\/wp-json\/wp\/v2\/pages\/1753\/revisions"}],"wp:featuredmedia":[{"embeddable":true,"href":"https:\/\/www.lapenoterie-dordogne.com\/de\/wp-json\/wp\/v2\/media\/1602"}],"wp:attachment":[{"href":"https:\/\/www.lapenoterie-dordogne.com\/de\/wp-json\/wp\/v2\/media?parent=1753"}],"curies":[{"name":"wp","href":"https:\/\/api.w.org\/{rel}","templated":true}]}}