{"id":1717,"date":"2022-01-12T15:12:11","date_gmt":"2022-01-12T14:12:11","guid":{"rendered":"https:\/\/ellyjan.lapenoterie-dordogne.com\/gites-in-de-dordogne\/"},"modified":"2022-01-25T21:43:53","modified_gmt":"2022-01-25T20:43:53","slug":"gites-in-de-dordogne","status":"publish","type":"page","link":"https:\/\/www.lapenoterie-dordogne.com\/fr\/","title":{"rendered":"Accueil"},"content":{"rendered":"\t\t<div data-elementor-type=\"wp-page\" data-elementor-id=\"1717\" class=\"elementor elementor-1717 elementor-45\" data-elementor-post-type=\"page\">\n\t\t\t\t\t\t<section class=\"elementor-section elementor-top-section elementor-element elementor-element-3089f33 elementor-section-boxed elementor-section-height-default elementor-section-height-default\" data-id=\"3089f33\" data-element_type=\"section\" data-e-type=\"section\">\n\t\t\t\t\t\t<div class=\"elementor-container elementor-column-gap-default\">\n\t\t\t\t\t<div class=\"elementor-column elementor-col-100 elementor-top-column elementor-element elementor-element-ed95982\" data-id=\"ed95982\" data-element_type=\"column\" data-e-type=\"column\">\n\t\t\t<div class=\"elementor-widget-wrap elementor-element-populated\">\n\t\t\t\t\t\t<div class=\"elementor-element elementor-element-8808232 elementor-widget elementor-widget-heading\" data-id=\"8808232\" data-element_type=\"widget\" data-e-type=\"widget\" data-widget_type=\"heading.default\">\n\t\t\t\t<div class=\"elementor-widget-container\">\n\t\t\t\t\t<h2 class=\"elementor-heading-title elementor-size-default\">Accueil<\/h2>\t\t\t\t<\/div>\n\t\t\t\t<\/div>\n\t\t\t\t\t<\/div>\n\t\t<\/div>\n\t\t\t\t\t<\/div>\n\t\t<\/section>\n\t\t\t\t<section class=\"elementor-section elementor-top-section elementor-element elementor-element-39b3dac elementor-section-boxed elementor-section-height-default elementor-section-height-default\" data-id=\"39b3dac\" data-element_type=\"section\" data-e-type=\"section\">\n\t\t\t\t\t\t<div class=\"elementor-container elementor-column-gap-default\">\n\t\t\t\t\t<div class=\"elementor-column elementor-col-66 elementor-top-column elementor-element elementor-element-fc04e8c\" data-id=\"fc04e8c\" data-element_type=\"column\" data-e-type=\"column\">\n\t\t\t<div class=\"elementor-widget-wrap elementor-element-populated\">\n\t\t\t\t\t\t<div class=\"elementor-element elementor-element-98a471a elementor-widget elementor-widget-text-editor\" data-id=\"98a471a\" data-element_type=\"widget\" data-e-type=\"widget\" data-widget_type=\"text-editor.default\">\n\t\t\t\t<div class=\"elementor-widget-container\">\n\t\t\t\t\t\t\t\t\t<p><strong>Domaine La Penoterie<\/strong> est situ\u00e9 \u00e0 un tr\u00e8s bel endroit en Dordogne, entre P\u00e9rigueux, Sarlat et Brive.<\/p><p><strong>Ancien Domaine viticole en Dordogne<\/strong><br \/>La Penoterie est une ancienne exploitation viticole, dont l\u2019habitation et la cave datent du 17i\u00e8me si\u00e8cle. La maison et les anciennes \u00e9tables et granges se trouvent autour d\u2019une charmante cour int\u00e9rieure. Une des \u00e9tables a \u00e9t\u00e9 restaur\u00e9e et transform\u00e9e en maison de vacances confortable. Un g\u00eete \u00e9l\u00e9gant pourvu de tout confort ayant un jardin privatif.<\/p><p><strong>Montignac et les grottes de Lascaux<\/strong><br \/>La propri\u00e9t\u00e9 est situ\u00e9e sur la commune de Montignac. Montignac est une petite ville sympathique au bord de la V\u00e9z\u00e8re, connue par les grottes de Lascaux. Montignac dispose de toutes les facilit\u00e9s n\u00e9cessaires, divers restaurants, terrasses et curiosit\u00e9s, ainsi que ses possibilit\u00e9s d\u2019y faire une descente de la V\u00e9z\u00e8re en cano\u00eb.<\/p><p><strong>Ses environs champ\u00eatres<br \/><\/strong>Les for\u00eats, les collines et pr\u00e9s verts caract\u00e9risent les environs ruraux de notre g\u00eete. Dans le pr\u00e9 voisin se trouve un troupeau de vaches Limousines. Ayant, tout comme nous, une vue splendide sur la vall\u00e9e avec ses fermes et for\u00eats. Ici vous trouverez le calme et la nature, tandis que les commodit\u00e9s et les sorties se trouvent \u00e0 port\u00e9e de main.<\/p><p>Nous esp\u00e9rons bient\u00f4t pouvoir vous accueillir au domaine La Penoterie en Dordogne. <br \/>Pour toute information \u00e0 propos de notre g\u00eete, vous pourrez nous joindre \u00e0 notre adresse mail:<br \/><a title=\"info@lapenoterie-dordogne.com\" href=\"mailto:info@lapenoterie-dordogne.com\" target=\"_blank\" rel=\"noopener noreferrer\">info@lapenoterie-dordogne.com<\/a><\/p><p><strong>Jan Vermaas et Elly Paardekooper<\/strong><\/p>\t\t\t\t\t\t\t\t<\/div>\n\t\t\t\t<\/div>\n\t\t\t\t\t<\/div>\n\t\t<\/div>\n\t\t\t\t<div class=\"elementor-column elementor-col-33 elementor-top-column elementor-element elementor-element-69184e4\" data-id=\"69184e4\" data-element_type=\"column\" data-e-type=\"column\" data-settings=\"{&quot;background_background&quot;:&quot;classic&quot;}\">\n\t\t\t<div class=\"elementor-widget-wrap elementor-element-populated\">\n\t\t\t\t\t\t<div class=\"elementor-element elementor-element-d1cc9b4 elementor-widget elementor-widget-image\" data-id=\"d1cc9b4\" data-element_type=\"widget\" data-e-type=\"widget\" data-widget_type=\"image.default\">\n\t\t\t\t<div class=\"elementor-widget-container\">\n\t\t\t\t\t\t\t\t\t\t\t\t\t\t\t<img fetchpriority=\"high\" decoding=\"async\" width=\"800\" height=\"533\" src=\"https:\/\/www.lapenoterie-dordogne.com\/wp-content\/uploads\/02zon-gite-vakantiehuis-lapenoterie-dordogne.jpg\" class=\"attachment-large size-large wp-image-243\" alt=\"Gite La Douce terras tafel\" srcset=\"https:\/\/www.lapenoterie-dordogne.com\/wp-content\/uploads\/02zon-gite-vakantiehuis-lapenoterie-dordogne.jpg 900w, https:\/\/www.lapenoterie-dordogne.com\/wp-content\/uploads\/02zon-gite-vakantiehuis-lapenoterie-dordogne-500x333.jpg 500w, https:\/\/www.lapenoterie-dordogne.com\/wp-content\/uploads\/02zon-gite-vakantiehuis-lapenoterie-dordogne-768x512.jpg 768w\" sizes=\"(max-width: 800px) 100vw, 800px\" \/>\t\t\t\t\t\t\t\t\t\t\t\t\t\t\t<\/div>\n\t\t\t\t<\/div>\n\t\t\t\t\t<\/div>\n\t\t<\/div>\n\t\t\t\t\t<\/div>\n\t\t<\/section>\n\t\t\t\t<\/div>\n\t\t","protected":false},"excerpt":{"rendered":"<p>Accueil Domaine La Penoterie est situ\u00e9 \u00e0 un tr\u00e8s bel endroit en Dordogne, entre P\u00e9rigueux, Sarlat et Brive. Ancien Domaine viticole en Dordogne La Penoterie est une ancienne exploitation viticole, dont l\u2019habitation et la cave datent du 17i\u00e8me si\u00e8cle. La maison et les anciennes \u00e9tables et granges se trouvent autour d\u2019une charmante cour int\u00e9rieure. Une [&hellip;]<\/p>\n","protected":false},"author":2,"featured_media":1522,"parent":0,"menu_order":0,"comment_status":"closed","ping_status":"closed","template":"","meta":{"footnotes":""},"class_list":["post-1717","page","type-page","status-publish","has-post-thumbnail","hentry"],"yoast_head":"<!-- This site is optimized with the Yoast SEO plugin v27.5 - https:\/\/yoast.com\/product\/yoast-seo-wordpress\/ -->\n<title>Accueil - La Penoterie Dordogne Gite vakantiehuis in de Dordogne, op een prachtige plek nabij Montignac<\/title>\n<meta name=\"robots\" content=\"index, follow, max-snippet:-1, max-image-preview:large, max-video-preview:-1\" \/>\n<link rel=\"canonical\" href=\"https:\/\/www.lapenoterie-dordogne.com\/fr\/\" \/>\n<meta property=\"og:locale\" content=\"fr_FR\" \/>\n<meta property=\"og:type\" content=\"article\" \/>\n<meta property=\"og:title\" content=\"Accueil - La Penoterie Dordogne Gite vakantiehuis in de Dordogne, op een prachtige plek nabij Montignac\" \/>\n<meta property=\"og:description\" content=\"Accueil Domaine La Penoterie est situ\u00e9 \u00e0 un tr\u00e8s bel endroit en Dordogne, entre P\u00e9rigueux, Sarlat et Brive. Ancien Domaine viticole en Dordogne La Penoterie est une ancienne exploitation viticole, dont l\u2019habitation et la cave datent du 17i\u00e8me si\u00e8cle. La maison et les anciennes \u00e9tables et granges se trouvent autour d\u2019une charmante cour int\u00e9rieure. Une [&hellip;]\" \/>\n<meta property=\"og:url\" content=\"https:\/\/www.lapenoterie-dordogne.com\/fr\/\" \/>\n<meta property=\"og:site_name\" content=\"La Penoterie Dordogne Gite vakantiehuis in de Dordogne, op een prachtige plek nabij Montignac\" \/>\n<meta property=\"article:publisher\" content=\"https:\/\/www.facebook.com\/people\/La-Penoterie-Dordogne\/100057469329295\/\" \/>\n<meta property=\"article:modified_time\" content=\"2022-01-25T20:43:53+00:00\" \/>\n<meta property=\"og:image\" content=\"https:\/\/www.lapenoterie-dordogne.com\/wp-content\/uploads\/header-homepagina.jpg\" \/>\n\t<meta property=\"og:image:width\" content=\"1600\" \/>\n\t<meta property=\"og:image:height\" content=\"1067\" \/>\n\t<meta property=\"og:image:type\" content=\"image\/jpeg\" \/>\n<meta name=\"twitter:card\" content=\"summary_large_image\" \/>\n<meta name=\"twitter:label1\" content=\"Dur\u00e9e de lecture estim\u00e9e\" \/>\n\t<meta name=\"twitter:data1\" content=\"1 minute\" \/>\n<script type=\"application\/ld+json\" class=\"yoast-schema-graph\">{\"@context\":\"https:\\\/\\\/schema.org\",\"@graph\":[{\"@type\":\"WebPage\",\"@id\":\"https:\\\/\\\/www.lapenoterie-dordogne.com\\\/fr\\\/\",\"url\":\"https:\\\/\\\/www.lapenoterie-dordogne.com\\\/fr\\\/\",\"name\":\"Accueil - La Penoterie Dordogne Gite vakantiehuis in de Dordogne, op een prachtige plek nabij Montignac\",\"isPartOf\":{\"@id\":\"https:\\\/\\\/www.lapenoterie-dordogne.com\\\/fr\\\/#website\"},\"primaryImageOfPage\":{\"@id\":\"https:\\\/\\\/www.lapenoterie-dordogne.com\\\/fr\\\/#primaryimage\"},\"image\":{\"@id\":\"https:\\\/\\\/www.lapenoterie-dordogne.com\\\/fr\\\/#primaryimage\"},\"thumbnailUrl\":\"https:\\\/\\\/www.lapenoterie-dordogne.com\\\/wp-content\\\/uploads\\\/header-homepagina.jpg\",\"datePublished\":\"2022-01-12T14:12:11+00:00\",\"dateModified\":\"2022-01-25T20:43:53+00:00\",\"breadcrumb\":{\"@id\":\"https:\\\/\\\/www.lapenoterie-dordogne.com\\\/fr\\\/#breadcrumb\"},\"inLanguage\":\"fr-FR\",\"potentialAction\":[{\"@type\":\"ReadAction\",\"target\":[\"https:\\\/\\\/www.lapenoterie-dordogne.com\\\/fr\\\/\"]}]},{\"@type\":\"ImageObject\",\"inLanguage\":\"fr-FR\",\"@id\":\"https:\\\/\\\/www.lapenoterie-dordogne.com\\\/fr\\\/#primaryimage\",\"url\":\"https:\\\/\\\/www.lapenoterie-dordogne.com\\\/wp-content\\\/uploads\\\/header-homepagina.jpg\",\"contentUrl\":\"https:\\\/\\\/www.lapenoterie-dordogne.com\\\/wp-content\\\/uploads\\\/header-homepagina.jpg\",\"width\":1600,\"height\":1067,\"caption\":\"SAMSUNG CSC\"},{\"@type\":\"BreadcrumbList\",\"@id\":\"https:\\\/\\\/www.lapenoterie-dordogne.com\\\/fr\\\/#breadcrumb\",\"itemListElement\":[{\"@type\":\"ListItem\",\"position\":1,\"name\":\"Home\",\"item\":\"https:\\\/\\\/www.lapenoterie-dordogne.com\\\/fr\\\/gites-in-de-dordogne\\\/\"},{\"@type\":\"ListItem\",\"position\":2,\"name\":\"Accueil\"}]},{\"@type\":\"WebSite\",\"@id\":\"https:\\\/\\\/www.lapenoterie-dordogne.com\\\/fr\\\/#website\",\"url\":\"https:\\\/\\\/www.lapenoterie-dordogne.com\\\/fr\\\/\",\"name\":\"La Penoterie Dordogne Gite vakantiehuis in de Dordogne, op een prachtige plek nabij Montignac\",\"description\":\"Op Domaine La Penoterie in de Dordogne zijn twee g\u00eetes te huur\",\"publisher\":{\"@id\":\"https:\\\/\\\/www.lapenoterie-dordogne.com\\\/fr\\\/#organization\"},\"potentialAction\":[{\"@type\":\"SearchAction\",\"target\":{\"@type\":\"EntryPoint\",\"urlTemplate\":\"https:\\\/\\\/www.lapenoterie-dordogne.com\\\/fr\\\/?s={search_term_string}\"},\"query-input\":{\"@type\":\"PropertyValueSpecification\",\"valueRequired\":true,\"valueName\":\"search_term_string\"}}],\"inLanguage\":\"fr-FR\"},{\"@type\":\"Organization\",\"@id\":\"https:\\\/\\\/www.lapenoterie-dordogne.com\\\/fr\\\/#organization\",\"name\":\"La Penoterie Dordogne\",\"url\":\"https:\\\/\\\/www.lapenoterie-dordogne.com\\\/fr\\\/\",\"logo\":{\"@type\":\"ImageObject\",\"inLanguage\":\"fr-FR\",\"@id\":\"https:\\\/\\\/www.lapenoterie-dordogne.com\\\/fr\\\/#\\\/schema\\\/logo\\\/image\\\/\",\"url\":\"https:\\\/\\\/www.lapenoterie-dordogne.com\\\/wp-content\\\/uploads\\\/header-homepagina.jpg\",\"contentUrl\":\"https:\\\/\\\/www.lapenoterie-dordogne.com\\\/wp-content\\\/uploads\\\/header-homepagina.jpg\",\"width\":1600,\"height\":1067,\"caption\":\"La Penoterie Dordogne\"},\"image\":{\"@id\":\"https:\\\/\\\/www.lapenoterie-dordogne.com\\\/fr\\\/#\\\/schema\\\/logo\\\/image\\\/\"},\"sameAs\":[\"https:\\\/\\\/www.facebook.com\\\/people\\\/La-Penoterie-Dordogne\\\/100057469329295\\\/\"]}]}<\/script>\n<!-- \/ Yoast SEO plugin. -->","yoast_head_json":{"title":"Accueil - La Penoterie Dordogne Gite vakantiehuis in de Dordogne, op een prachtige plek nabij Montignac","robots":{"index":"index","follow":"follow","max-snippet":"max-snippet:-1","max-image-preview":"max-image-preview:large","max-video-preview":"max-video-preview:-1"},"canonical":"https:\/\/www.lapenoterie-dordogne.com\/fr\/","og_locale":"fr_FR","og_type":"article","og_title":"Accueil - La Penoterie Dordogne Gite vakantiehuis in de Dordogne, op een prachtige plek nabij Montignac","og_description":"Accueil Domaine La Penoterie est situ\u00e9 \u00e0 un tr\u00e8s bel endroit en Dordogne, entre P\u00e9rigueux, Sarlat et Brive. Ancien Domaine viticole en Dordogne La Penoterie est une ancienne exploitation viticole, dont l\u2019habitation et la cave datent du 17i\u00e8me si\u00e8cle. La maison et les anciennes \u00e9tables et granges se trouvent autour d\u2019une charmante cour int\u00e9rieure. Une [&hellip;]","og_url":"https:\/\/www.lapenoterie-dordogne.com\/fr\/","og_site_name":"La Penoterie Dordogne Gite vakantiehuis in de Dordogne, op een prachtige plek nabij Montignac","article_publisher":"https:\/\/www.facebook.com\/people\/La-Penoterie-Dordogne\/100057469329295\/","article_modified_time":"2022-01-25T20:43:53+00:00","og_image":[{"width":1600,"height":1067,"url":"https:\/\/www.lapenoterie-dordogne.com\/wp-content\/uploads\/header-homepagina.jpg","type":"image\/jpeg"}],"twitter_card":"summary_large_image","twitter_misc":{"Dur\u00e9e de lecture estim\u00e9e":"1 minute"},"schema":{"@context":"https:\/\/schema.org","@graph":[{"@type":"WebPage","@id":"https:\/\/www.lapenoterie-dordogne.com\/fr\/","url":"https:\/\/www.lapenoterie-dordogne.com\/fr\/","name":"Accueil - La Penoterie Dordogne Gite vakantiehuis in de Dordogne, op een prachtige plek nabij Montignac","isPartOf":{"@id":"https:\/\/www.lapenoterie-dordogne.com\/fr\/#website"},"primaryImageOfPage":{"@id":"https:\/\/www.lapenoterie-dordogne.com\/fr\/#primaryimage"},"image":{"@id":"https:\/\/www.lapenoterie-dordogne.com\/fr\/#primaryimage"},"thumbnailUrl":"https:\/\/www.lapenoterie-dordogne.com\/wp-content\/uploads\/header-homepagina.jpg","datePublished":"2022-01-12T14:12:11+00:00","dateModified":"2022-01-25T20:43:53+00:00","breadcrumb":{"@id":"https:\/\/www.lapenoterie-dordogne.com\/fr\/#breadcrumb"},"inLanguage":"fr-FR","potentialAction":[{"@type":"ReadAction","target":["https:\/\/www.lapenoterie-dordogne.com\/fr\/"]}]},{"@type":"ImageObject","inLanguage":"fr-FR","@id":"https:\/\/www.lapenoterie-dordogne.com\/fr\/#primaryimage","url":"https:\/\/www.lapenoterie-dordogne.com\/wp-content\/uploads\/header-homepagina.jpg","contentUrl":"https:\/\/www.lapenoterie-dordogne.com\/wp-content\/uploads\/header-homepagina.jpg","width":1600,"height":1067,"caption":"SAMSUNG CSC"},{"@type":"BreadcrumbList","@id":"https:\/\/www.lapenoterie-dordogne.com\/fr\/#breadcrumb","itemListElement":[{"@type":"ListItem","position":1,"name":"Home","item":"https:\/\/www.lapenoterie-dordogne.com\/fr\/gites-in-de-dordogne\/"},{"@type":"ListItem","position":2,"name":"Accueil"}]},{"@type":"WebSite","@id":"https:\/\/www.lapenoterie-dordogne.com\/fr\/#website","url":"https:\/\/www.lapenoterie-dordogne.com\/fr\/","name":"La Penoterie Dordogne Gite vakantiehuis in de Dordogne, op een prachtige plek nabij Montignac","description":"Op Domaine La Penoterie in de Dordogne zijn twee g\u00eetes te huur","publisher":{"@id":"https:\/\/www.lapenoterie-dordogne.com\/fr\/#organization"},"potentialAction":[{"@type":"SearchAction","target":{"@type":"EntryPoint","urlTemplate":"https:\/\/www.lapenoterie-dordogne.com\/fr\/?s={search_term_string}"},"query-input":{"@type":"PropertyValueSpecification","valueRequired":true,"valueName":"search_term_string"}}],"inLanguage":"fr-FR"},{"@type":"Organization","@id":"https:\/\/www.lapenoterie-dordogne.com\/fr\/#organization","name":"La Penoterie Dordogne","url":"https:\/\/www.lapenoterie-dordogne.com\/fr\/","logo":{"@type":"ImageObject","inLanguage":"fr-FR","@id":"https:\/\/www.lapenoterie-dordogne.com\/fr\/#\/schema\/logo\/image\/","url":"https:\/\/www.lapenoterie-dordogne.com\/wp-content\/uploads\/header-homepagina.jpg","contentUrl":"https:\/\/www.lapenoterie-dordogne.com\/wp-content\/uploads\/header-homepagina.jpg","width":1600,"height":1067,"caption":"La Penoterie Dordogne"},"image":{"@id":"https:\/\/www.lapenoterie-dordogne.com\/fr\/#\/schema\/logo\/image\/"},"sameAs":["https:\/\/www.facebook.com\/people\/La-Penoterie-Dordogne\/100057469329295\/"]}]}},"_links":{"self":[{"href":"https:\/\/www.lapenoterie-dordogne.com\/fr\/wp-json\/wp\/v2\/pages\/1717","targetHints":{"allow":["GET"]}}],"collection":[{"href":"https:\/\/www.lapenoterie-dordogne.com\/fr\/wp-json\/wp\/v2\/pages"}],"about":[{"href":"https:\/\/www.lapenoterie-dordogne.com\/fr\/wp-json\/wp\/v2\/types\/page"}],"author":[{"embeddable":true,"href":"https:\/\/www.lapenoterie-dordogne.com\/fr\/wp-json\/wp\/v2\/users\/2"}],"replies":[{"embeddable":true,"href":"https:\/\/www.lapenoterie-dordogne.com\/fr\/wp-json\/wp\/v2\/comments?post=1717"}],"version-history":[{"count":0,"href":"https:\/\/www.lapenoterie-dordogne.com\/fr\/wp-json\/wp\/v2\/pages\/1717\/revisions"}],"wp:featuredmedia":[{"embeddable":true,"href":"https:\/\/www.lapenoterie-dordogne.com\/fr\/wp-json\/wp\/v2\/media\/1522"}],"wp:attachment":[{"href":"https:\/\/www.lapenoterie-dordogne.com\/fr\/wp-json\/wp\/v2\/media?parent=1717"}],"curies":[{"name":"wp","href":"https:\/\/api.w.org\/{rel}","templated":true}]}}