{"id":1745,"date":"2022-01-12T17:05:17","date_gmt":"2022-01-12T16:05:17","guid":{"rendered":"https:\/\/ellyjan.lapenoterie-dordogne.com\/route\/"},"modified":"2022-01-25T20:21:59","modified_gmt":"2022-01-25T19:21:59","slug":"plan-dacces","status":"publish","type":"page","link":"https:\/\/www.lapenoterie-dordogne.com\/fr\/plan-dacces\/","title":{"rendered":"Plan d\u2019acc\u00e9s"},"content":{"rendered":"\t\t<div data-elementor-type=\"wp-page\" data-elementor-id=\"1745\" class=\"elementor elementor-1745 elementor-79\" data-elementor-post-type=\"page\">\n\t\t\t\t\t\t<section class=\"elementor-section elementor-top-section elementor-element elementor-element-38eb5149 elementor-section-boxed elementor-section-height-default elementor-section-height-default\" data-id=\"38eb5149\" data-element_type=\"section\" data-e-type=\"section\">\n\t\t\t\t\t\t<div class=\"elementor-container elementor-column-gap-default\">\n\t\t\t\t\t<div class=\"elementor-column elementor-col-100 elementor-top-column elementor-element elementor-element-1edda6f9\" data-id=\"1edda6f9\" data-element_type=\"column\" data-e-type=\"column\">\n\t\t\t<div class=\"elementor-widget-wrap elementor-element-populated\">\n\t\t\t\t\t\t<div class=\"elementor-element elementor-element-63f4979d elementor-widget elementor-widget-heading\" data-id=\"63f4979d\" data-element_type=\"widget\" data-e-type=\"widget\" data-widget_type=\"heading.default\">\n\t\t\t\t<div class=\"elementor-widget-container\">\n\t\t\t\t\t<h2 class=\"elementor-heading-title elementor-size-default\">Plan d\u2019acc\u00e9s<\/h2>\t\t\t\t<\/div>\n\t\t\t\t<\/div>\n\t\t\t\t\t<\/div>\n\t\t<\/div>\n\t\t\t\t\t<\/div>\n\t\t<\/section>\n\t\t\t\t<section class=\"elementor-section elementor-top-section elementor-element elementor-element-41e61ee8 elementor-section-boxed elementor-section-height-default elementor-section-height-default\" data-id=\"41e61ee8\" data-element_type=\"section\" data-e-type=\"section\">\n\t\t\t\t\t\t<div class=\"elementor-container elementor-column-gap-default\">\n\t\t\t\t\t<div class=\"elementor-column elementor-col-66 elementor-top-column elementor-element elementor-element-453387bc\" data-id=\"453387bc\" data-element_type=\"column\" data-e-type=\"column\">\n\t\t\t<div class=\"elementor-widget-wrap elementor-element-populated\">\n\t\t\t\t\t\t<div class=\"elementor-element elementor-element-4428a9e8 elementor-widget elementor-widget-text-editor\" data-id=\"4428a9e8\" data-element_type=\"widget\" data-e-type=\"widget\" data-widget_type=\"text-editor.default\">\n\t\t\t\t<div class=\"elementor-widget-container\">\n\t\t\t\t\t\t\t\t\t<ul><li>A89, sortie 17 direction\u00a0 Saint-Yrieix-La-Perche<\/li><li>apr\u00e8s\u00a0 740 m, prendre la 3m sortie du rond-point vers D6089 Saint-Yrieix-La-Perche<\/li><li>apr\u00e9s 660 m, prendre la 2m sortie du rond-point rester sur la D6089<\/li><li>apr\u00e9s 820 m, tourner \u00e0 gauche D65, Montignac<\/li><li>apr\u00e8s 6,3 km, tourner \u00e0 gauche D67<\/li><li>apr\u00e8s 3,1 km tourner \u00e0 droite, direction Bois de l\u2019 Orme<\/li><li>apr\u00e9s 200 m tourner \u00e0 droite, direction Bois de l\u2019 Orme<\/li><li>apr\u00e8s 1,7 km tenir \u00e0 gauche, direction\u00a0 la Penoterie<\/li><li>apr\u00e9s 1,1 km vous \u00eates arriv\u00e9s \u00e0 la Penoterie<\/li><\/ul>\t\t\t\t\t\t\t\t<\/div>\n\t\t\t\t<\/div>\n\t\t\t\t\t<\/div>\n\t\t<\/div>\n\t\t\t\t<div class=\"elementor-column elementor-col-33 elementor-top-column elementor-element elementor-element-54780752\" data-id=\"54780752\" data-element_type=\"column\" data-e-type=\"column\" data-settings=\"{&quot;background_background&quot;:&quot;classic&quot;}\">\n\t\t\t<div class=\"elementor-widget-wrap elementor-element-populated\">\n\t\t\t\t\t\t<div class=\"elementor-element elementor-element-9877fd8 elementor-widget elementor-widget-google_maps\" data-id=\"9877fd8\" data-element_type=\"widget\" data-e-type=\"widget\" data-widget_type=\"google_maps.default\">\n\t\t\t\t<div class=\"elementor-widget-container\">\n\t\t\t\t\t\t\t<div class=\"elementor-custom-embed\">\n\t\t\t<iframe loading=\"lazy\"\n\t\t\t\t\tsrc=\"https:\/\/maps.google.com\/maps?q=La%20Penoterie%2C%2024290%20Montignac%20Frankrijk%20&#038;t=m&#038;z=6&#038;output=embed&#038;iwloc=near\"\n\t\t\t\t\ttitle=\"La Penoterie, 24290 Montignac Frankrijk \"\n\t\t\t\t\taria-label=\"La Penoterie, 24290 Montignac Frankrijk \"\n\t\t\t><\/iframe>\n\t\t<\/div>\n\t\t\t\t\t\t<\/div>\n\t\t\t\t<\/div>\n\t\t\t\t\t<\/div>\n\t\t<\/div>\n\t\t\t\t\t<\/div>\n\t\t<\/section>\n\t\t\t\t<section class=\"elementor-section elementor-top-section elementor-element elementor-element-535bb4b elementor-section-boxed elementor-section-height-default elementor-section-height-default\" data-id=\"535bb4b\" data-element_type=\"section\" data-e-type=\"section\">\n\t\t\t\t\t\t<div class=\"elementor-container elementor-column-gap-default\">\n\t\t\t\t\t<div class=\"elementor-column elementor-col-100 elementor-top-column elementor-element elementor-element-02d319c\" data-id=\"02d319c\" data-element_type=\"column\" data-e-type=\"column\">\n\t\t\t<div class=\"elementor-widget-wrap elementor-element-populated\">\n\t\t\t\t\t\t<div class=\"elementor-element elementor-element-7a4e062 elementor-widget elementor-widget-heading\" data-id=\"7a4e062\" data-element_type=\"widget\" data-e-type=\"widget\" data-widget_type=\"heading.default\">\n\t\t\t\t<div class=\"elementor-widget-container\">\n\t\t\t\t\t<h3 class=\"elementor-heading-title elementor-size-default\">Par avion<\/h3>\t\t\t\t<\/div>\n\t\t\t\t<\/div>\n\t\t\t\t\t<\/div>\n\t\t<\/div>\n\t\t\t\t\t<\/div>\n\t\t<\/section>\n\t\t\t\t<section class=\"elementor-section elementor-top-section elementor-element elementor-element-6ddfb9e elementor-section-boxed elementor-section-height-default elementor-section-height-default\" data-id=\"6ddfb9e\" data-element_type=\"section\" data-e-type=\"section\">\n\t\t\t\t\t\t<div class=\"elementor-container elementor-column-gap-default\">\n\t\t\t\t\t<div class=\"elementor-column elementor-col-66 elementor-top-column elementor-element elementor-element-9937ac3\" data-id=\"9937ac3\" data-element_type=\"column\" data-e-type=\"column\">\n\t\t\t<div class=\"elementor-widget-wrap elementor-element-populated\">\n\t\t\t\t\t\t<div class=\"elementor-element elementor-element-9569569 elementor-widget elementor-widget-image\" data-id=\"9569569\" data-element_type=\"widget\" data-e-type=\"widget\" data-widget_type=\"image.default\">\n\t\t\t\t<div class=\"elementor-widget-container\">\n\t\t\t\t\t\t\t\t\t\t\t\t\t\t\t<img fetchpriority=\"high\" decoding=\"async\" width=\"350\" height=\"150\" src=\"https:\/\/www.lapenoterie-dordogne.com\/wp-content\/uploads\/transavia.jpg\" class=\"attachment-large size-large wp-image-857\" alt=\"transavia\" \/>\t\t\t\t\t\t\t\t\t\t\t\t\t\t\t<\/div>\n\t\t\t\t<\/div>\n\t\t\t\t\t<\/div>\n\t\t<\/div>\n\t\t\t\t<div class=\"elementor-column elementor-col-33 elementor-top-column elementor-element elementor-element-30532a8\" data-id=\"30532a8\" data-element_type=\"column\" data-e-type=\"column\" data-settings=\"{&quot;background_background&quot;:&quot;classic&quot;}\">\n\t\t\t<div class=\"elementor-widget-wrap elementor-element-populated\">\n\t\t\t\t\t\t<div class=\"elementor-element elementor-element-1c43b33 elementor-widget elementor-widget-text-editor\" data-id=\"1c43b33\" data-element_type=\"widget\" data-e-type=\"widget\" data-widget_type=\"text-editor.default\">\n\t\t\t\t<div class=\"elementor-widget-container\">\n\t\t\t\t\t\t\t\t\t<p>Aeroport le plus proche Bergerac ou Brive, o\u00fa vous pouvez louer une voiture. Il vous faut 1 h 30 depuis l\u2019aeroport de Bergerac et 1 h de l\u2019aeroport de Brive.<\/p><p><strong>Bonne route!<\/strong><\/p>\t\t\t\t\t\t\t\t<\/div>\n\t\t\t\t<\/div>\n\t\t\t\t\t<\/div>\n\t\t<\/div>\n\t\t\t\t\t<\/div>\n\t\t<\/section>\n\t\t\t\t<\/div>\n\t\t","protected":false},"excerpt":{"rendered":"<p>Plan d\u2019acc\u00e9s A89, sortie 17 direction\u00a0 Saint-Yrieix-La-Perche apr\u00e8s\u00a0 740 m, prendre la 3m sortie du rond-point vers D6089 Saint-Yrieix-La-Perche apr\u00e9s 660 m, prendre la 2m sortie du rond-point rester sur la D6089 apr\u00e9s 820 m, tourner \u00e0 gauche D65, Montignac apr\u00e8s 6,3 km, tourner \u00e0 gauche D67 apr\u00e8s 3,1 km tourner \u00e0 droite, direction Bois [&hellip;]<\/p>\n","protected":false},"author":2,"featured_media":185,"parent":0,"menu_order":0,"comment_status":"closed","ping_status":"closed","template":"","meta":{"footnotes":""},"class_list":["post-1745","page","type-page","status-publish","has-post-thumbnail","hentry"],"yoast_head":"<!-- This site is optimized with the Yoast SEO plugin v27.4 - https:\/\/yoast.com\/product\/yoast-seo-wordpress\/ -->\n<title>Plan d\u2019acc\u00e9s - La Penoterie Dordogne Gite vakantiehuis in de Dordogne, op een prachtige plek nabij Montignac<\/title>\n<meta name=\"robots\" content=\"index, follow, max-snippet:-1, max-image-preview:large, max-video-preview:-1\" \/>\n<link rel=\"canonical\" href=\"https:\/\/www.lapenoterie-dordogne.com\/fr\/plan-dacces\/\" \/>\n<meta property=\"og:locale\" content=\"fr_FR\" \/>\n<meta property=\"og:type\" content=\"article\" \/>\n<meta property=\"og:title\" content=\"Plan d\u2019acc\u00e9s - La Penoterie Dordogne Gite vakantiehuis in de Dordogne, op een prachtige plek nabij Montignac\" \/>\n<meta property=\"og:description\" content=\"Plan d\u2019acc\u00e9s A89, sortie 17 direction\u00a0 Saint-Yrieix-La-Perche apr\u00e8s\u00a0 740 m, prendre la 3m sortie du rond-point vers D6089 Saint-Yrieix-La-Perche apr\u00e9s 660 m, prendre la 2m sortie du rond-point rester sur la D6089 apr\u00e9s 820 m, tourner \u00e0 gauche D65, Montignac apr\u00e8s 6,3 km, tourner \u00e0 gauche D67 apr\u00e8s 3,1 km tourner \u00e0 droite, direction Bois [&hellip;]\" \/>\n<meta property=\"og:url\" content=\"https:\/\/www.lapenoterie-dordogne.com\/fr\/plan-dacces\/\" \/>\n<meta property=\"og:site_name\" content=\"La Penoterie Dordogne Gite vakantiehuis in de Dordogne, op een prachtige plek nabij Montignac\" \/>\n<meta property=\"article:publisher\" content=\"https:\/\/www.facebook.com\/people\/La-Penoterie-Dordogne\/100057469329295\/\" \/>\n<meta property=\"article:modified_time\" content=\"2022-01-25T19:21:59+00:00\" \/>\n<meta property=\"og:image\" content=\"https:\/\/www.lapenoterie-dordogne.com\/wp-content\/uploads\/route-dordogne.jpg\" \/>\n\t<meta property=\"og:image:width\" content=\"1600\" \/>\n\t<meta property=\"og:image:height\" content=\"892\" \/>\n\t<meta property=\"og:image:type\" content=\"image\/jpeg\" \/>\n<meta name=\"twitter:card\" content=\"summary_large_image\" \/>\n<meta name=\"twitter:label1\" content=\"Dur\u00e9e de lecture estim\u00e9e\" \/>\n\t<meta name=\"twitter:data1\" content=\"1 minute\" \/>\n<script type=\"application\/ld+json\" class=\"yoast-schema-graph\">{\"@context\":\"https:\\\/\\\/schema.org\",\"@graph\":[{\"@type\":\"WebPage\",\"@id\":\"https:\\\/\\\/www.lapenoterie-dordogne.com\\\/fr\\\/plan-dacces\\\/\",\"url\":\"https:\\\/\\\/www.lapenoterie-dordogne.com\\\/fr\\\/plan-dacces\\\/\",\"name\":\"Plan d\u2019acc\u00e9s - La Penoterie Dordogne Gite vakantiehuis in de Dordogne, op een prachtige plek nabij Montignac\",\"isPartOf\":{\"@id\":\"https:\\\/\\\/www.lapenoterie-dordogne.com\\\/fr\\\/#website\"},\"primaryImageOfPage\":{\"@id\":\"https:\\\/\\\/www.lapenoterie-dordogne.com\\\/fr\\\/plan-dacces\\\/#primaryimage\"},\"image\":{\"@id\":\"https:\\\/\\\/www.lapenoterie-dordogne.com\\\/fr\\\/plan-dacces\\\/#primaryimage\"},\"thumbnailUrl\":\"https:\\\/\\\/www.lapenoterie-dordogne.com\\\/wp-content\\\/uploads\\\/route-dordogne.jpg\",\"datePublished\":\"2022-01-12T16:05:17+00:00\",\"dateModified\":\"2022-01-25T19:21:59+00:00\",\"breadcrumb\":{\"@id\":\"https:\\\/\\\/www.lapenoterie-dordogne.com\\\/fr\\\/plan-dacces\\\/#breadcrumb\"},\"inLanguage\":\"fr-FR\",\"potentialAction\":[{\"@type\":\"ReadAction\",\"target\":[\"https:\\\/\\\/www.lapenoterie-dordogne.com\\\/fr\\\/plan-dacces\\\/\"]}]},{\"@type\":\"ImageObject\",\"inLanguage\":\"fr-FR\",\"@id\":\"https:\\\/\\\/www.lapenoterie-dordogne.com\\\/fr\\\/plan-dacces\\\/#primaryimage\",\"url\":\"https:\\\/\\\/www.lapenoterie-dordogne.com\\\/wp-content\\\/uploads\\\/route-dordogne.jpg\",\"contentUrl\":\"https:\\\/\\\/www.lapenoterie-dordogne.com\\\/wp-content\\\/uploads\\\/route-dordogne.jpg\",\"width\":1600,\"height\":892,\"caption\":\"Route Dordogne\"},{\"@type\":\"BreadcrumbList\",\"@id\":\"https:\\\/\\\/www.lapenoterie-dordogne.com\\\/fr\\\/plan-dacces\\\/#breadcrumb\",\"itemListElement\":[{\"@type\":\"ListItem\",\"position\":1,\"name\":\"Home\",\"item\":\"https:\\\/\\\/www.lapenoterie-dordogne.com\\\/fr\\\/gites-in-de-dordogne\\\/\"},{\"@type\":\"ListItem\",\"position\":2,\"name\":\"Plan d\u2019acc\u00e9s\"}]},{\"@type\":\"WebSite\",\"@id\":\"https:\\\/\\\/www.lapenoterie-dordogne.com\\\/fr\\\/#website\",\"url\":\"https:\\\/\\\/www.lapenoterie-dordogne.com\\\/fr\\\/\",\"name\":\"La Penoterie Dordogne Gite vakantiehuis in de Dordogne, op een prachtige plek nabij Montignac\",\"description\":\"Op Domaine La Penoterie in de Dordogne zijn twee g\u00eetes te huur\",\"publisher\":{\"@id\":\"https:\\\/\\\/www.lapenoterie-dordogne.com\\\/fr\\\/#organization\"},\"potentialAction\":[{\"@type\":\"SearchAction\",\"target\":{\"@type\":\"EntryPoint\",\"urlTemplate\":\"https:\\\/\\\/www.lapenoterie-dordogne.com\\\/fr\\\/?s={search_term_string}\"},\"query-input\":{\"@type\":\"PropertyValueSpecification\",\"valueRequired\":true,\"valueName\":\"search_term_string\"}}],\"inLanguage\":\"fr-FR\"},{\"@type\":\"Organization\",\"@id\":\"https:\\\/\\\/www.lapenoterie-dordogne.com\\\/fr\\\/#organization\",\"name\":\"La Penoterie Dordogne\",\"url\":\"https:\\\/\\\/www.lapenoterie-dordogne.com\\\/fr\\\/\",\"logo\":{\"@type\":\"ImageObject\",\"inLanguage\":\"fr-FR\",\"@id\":\"https:\\\/\\\/www.lapenoterie-dordogne.com\\\/fr\\\/#\\\/schema\\\/logo\\\/image\\\/\",\"url\":\"https:\\\/\\\/www.lapenoterie-dordogne.com\\\/wp-content\\\/uploads\\\/header-homepagina.jpg\",\"contentUrl\":\"https:\\\/\\\/www.lapenoterie-dordogne.com\\\/wp-content\\\/uploads\\\/header-homepagina.jpg\",\"width\":1600,\"height\":1067,\"caption\":\"La Penoterie Dordogne\"},\"image\":{\"@id\":\"https:\\\/\\\/www.lapenoterie-dordogne.com\\\/fr\\\/#\\\/schema\\\/logo\\\/image\\\/\"},\"sameAs\":[\"https:\\\/\\\/www.facebook.com\\\/people\\\/La-Penoterie-Dordogne\\\/100057469329295\\\/\"]}]}<\/script>\n<!-- \/ Yoast SEO plugin. -->","yoast_head_json":{"title":"Plan d\u2019acc\u00e9s - La Penoterie Dordogne Gite vakantiehuis in de Dordogne, op een prachtige plek nabij Montignac","robots":{"index":"index","follow":"follow","max-snippet":"max-snippet:-1","max-image-preview":"max-image-preview:large","max-video-preview":"max-video-preview:-1"},"canonical":"https:\/\/www.lapenoterie-dordogne.com\/fr\/plan-dacces\/","og_locale":"fr_FR","og_type":"article","og_title":"Plan d\u2019acc\u00e9s - La Penoterie Dordogne Gite vakantiehuis in de Dordogne, op een prachtige plek nabij Montignac","og_description":"Plan d\u2019acc\u00e9s A89, sortie 17 direction\u00a0 Saint-Yrieix-La-Perche apr\u00e8s\u00a0 740 m, prendre la 3m sortie du rond-point vers D6089 Saint-Yrieix-La-Perche apr\u00e9s 660 m, prendre la 2m sortie du rond-point rester sur la D6089 apr\u00e9s 820 m, tourner \u00e0 gauche D65, Montignac apr\u00e8s 6,3 km, tourner \u00e0 gauche D67 apr\u00e8s 3,1 km tourner \u00e0 droite, direction Bois [&hellip;]","og_url":"https:\/\/www.lapenoterie-dordogne.com\/fr\/plan-dacces\/","og_site_name":"La Penoterie Dordogne Gite vakantiehuis in de Dordogne, op een prachtige plek nabij Montignac","article_publisher":"https:\/\/www.facebook.com\/people\/La-Penoterie-Dordogne\/100057469329295\/","article_modified_time":"2022-01-25T19:21:59+00:00","og_image":[{"width":1600,"height":892,"url":"https:\/\/www.lapenoterie-dordogne.com\/wp-content\/uploads\/route-dordogne.jpg","type":"image\/jpeg"}],"twitter_card":"summary_large_image","twitter_misc":{"Dur\u00e9e de lecture estim\u00e9e":"1 minute"},"schema":{"@context":"https:\/\/schema.org","@graph":[{"@type":"WebPage","@id":"https:\/\/www.lapenoterie-dordogne.com\/fr\/plan-dacces\/","url":"https:\/\/www.lapenoterie-dordogne.com\/fr\/plan-dacces\/","name":"Plan d\u2019acc\u00e9s - La Penoterie Dordogne Gite vakantiehuis in de Dordogne, op een prachtige plek nabij Montignac","isPartOf":{"@id":"https:\/\/www.lapenoterie-dordogne.com\/fr\/#website"},"primaryImageOfPage":{"@id":"https:\/\/www.lapenoterie-dordogne.com\/fr\/plan-dacces\/#primaryimage"},"image":{"@id":"https:\/\/www.lapenoterie-dordogne.com\/fr\/plan-dacces\/#primaryimage"},"thumbnailUrl":"https:\/\/www.lapenoterie-dordogne.com\/wp-content\/uploads\/route-dordogne.jpg","datePublished":"2022-01-12T16:05:17+00:00","dateModified":"2022-01-25T19:21:59+00:00","breadcrumb":{"@id":"https:\/\/www.lapenoterie-dordogne.com\/fr\/plan-dacces\/#breadcrumb"},"inLanguage":"fr-FR","potentialAction":[{"@type":"ReadAction","target":["https:\/\/www.lapenoterie-dordogne.com\/fr\/plan-dacces\/"]}]},{"@type":"ImageObject","inLanguage":"fr-FR","@id":"https:\/\/www.lapenoterie-dordogne.com\/fr\/plan-dacces\/#primaryimage","url":"https:\/\/www.lapenoterie-dordogne.com\/wp-content\/uploads\/route-dordogne.jpg","contentUrl":"https:\/\/www.lapenoterie-dordogne.com\/wp-content\/uploads\/route-dordogne.jpg","width":1600,"height":892,"caption":"Route Dordogne"},{"@type":"BreadcrumbList","@id":"https:\/\/www.lapenoterie-dordogne.com\/fr\/plan-dacces\/#breadcrumb","itemListElement":[{"@type":"ListItem","position":1,"name":"Home","item":"https:\/\/www.lapenoterie-dordogne.com\/fr\/gites-in-de-dordogne\/"},{"@type":"ListItem","position":2,"name":"Plan d\u2019acc\u00e9s"}]},{"@type":"WebSite","@id":"https:\/\/www.lapenoterie-dordogne.com\/fr\/#website","url":"https:\/\/www.lapenoterie-dordogne.com\/fr\/","name":"La Penoterie Dordogne Gite vakantiehuis in de Dordogne, op een prachtige plek nabij Montignac","description":"Op Domaine La Penoterie in de Dordogne zijn twee g\u00eetes te huur","publisher":{"@id":"https:\/\/www.lapenoterie-dordogne.com\/fr\/#organization"},"potentialAction":[{"@type":"SearchAction","target":{"@type":"EntryPoint","urlTemplate":"https:\/\/www.lapenoterie-dordogne.com\/fr\/?s={search_term_string}"},"query-input":{"@type":"PropertyValueSpecification","valueRequired":true,"valueName":"search_term_string"}}],"inLanguage":"fr-FR"},{"@type":"Organization","@id":"https:\/\/www.lapenoterie-dordogne.com\/fr\/#organization","name":"La Penoterie Dordogne","url":"https:\/\/www.lapenoterie-dordogne.com\/fr\/","logo":{"@type":"ImageObject","inLanguage":"fr-FR","@id":"https:\/\/www.lapenoterie-dordogne.com\/fr\/#\/schema\/logo\/image\/","url":"https:\/\/www.lapenoterie-dordogne.com\/wp-content\/uploads\/header-homepagina.jpg","contentUrl":"https:\/\/www.lapenoterie-dordogne.com\/wp-content\/uploads\/header-homepagina.jpg","width":1600,"height":1067,"caption":"La Penoterie Dordogne"},"image":{"@id":"https:\/\/www.lapenoterie-dordogne.com\/fr\/#\/schema\/logo\/image\/"},"sameAs":["https:\/\/www.facebook.com\/people\/La-Penoterie-Dordogne\/100057469329295\/"]}]}},"_links":{"self":[{"href":"https:\/\/www.lapenoterie-dordogne.com\/fr\/wp-json\/wp\/v2\/pages\/1745","targetHints":{"allow":["GET"]}}],"collection":[{"href":"https:\/\/www.lapenoterie-dordogne.com\/fr\/wp-json\/wp\/v2\/pages"}],"about":[{"href":"https:\/\/www.lapenoterie-dordogne.com\/fr\/wp-json\/wp\/v2\/types\/page"}],"author":[{"embeddable":true,"href":"https:\/\/www.lapenoterie-dordogne.com\/fr\/wp-json\/wp\/v2\/users\/2"}],"replies":[{"embeddable":true,"href":"https:\/\/www.lapenoterie-dordogne.com\/fr\/wp-json\/wp\/v2\/comments?post=1745"}],"version-history":[{"count":0,"href":"https:\/\/www.lapenoterie-dordogne.com\/fr\/wp-json\/wp\/v2\/pages\/1745\/revisions"}],"wp:featuredmedia":[{"embeddable":true,"href":"https:\/\/www.lapenoterie-dordogne.com\/fr\/wp-json\/wp\/v2\/media\/185"}],"wp:attachment":[{"href":"https:\/\/www.lapenoterie-dordogne.com\/fr\/wp-json\/wp\/v2\/media?parent=1745"}],"curies":[{"name":"wp","href":"https:\/\/api.w.org\/{rel}","templated":true}]}}