{"id":1752,"date":"2022-01-12T17:04:54","date_gmt":"2022-01-12T16:04:54","guid":{"rendered":"https:\/\/ellyjan.lapenoterie-dordogne.com\/verleden-en-toekomst\/"},"modified":"2022-01-25T20:15:41","modified_gmt":"2022-01-25T19:15:41","slug":"passe-et-futur","status":"publish","type":"page","link":"https:\/\/www.lapenoterie-dordogne.com\/fr\/passe-et-futur\/","title":{"rendered":"Pass\u00e9 et futur"},"content":{"rendered":"\t\t<div data-elementor-type=\"wp-page\" data-elementor-id=\"1752\" class=\"elementor elementor-1752 elementor-77\" data-elementor-post-type=\"page\">\n\t\t\t\t\t\t<section class=\"elementor-section elementor-top-section elementor-element elementor-element-18db832f elementor-section-boxed elementor-section-height-default elementor-section-height-default\" data-id=\"18db832f\" data-element_type=\"section\" data-e-type=\"section\">\n\t\t\t\t\t\t<div class=\"elementor-container elementor-column-gap-default\">\n\t\t\t\t\t<div class=\"elementor-column elementor-col-100 elementor-top-column elementor-element elementor-element-7d0b5056\" data-id=\"7d0b5056\" data-element_type=\"column\" data-e-type=\"column\">\n\t\t\t<div class=\"elementor-widget-wrap elementor-element-populated\">\n\t\t\t\t\t\t<div class=\"elementor-element elementor-element-764c55f8 elementor-widget elementor-widget-heading\" data-id=\"764c55f8\" data-element_type=\"widget\" data-e-type=\"widget\" data-widget_type=\"heading.default\">\n\t\t\t\t<div class=\"elementor-widget-container\">\n\t\t\t\t\t<h2 class=\"elementor-heading-title elementor-size-default\">Pass\u00e9 et futur<\/h2>\t\t\t\t<\/div>\n\t\t\t\t<\/div>\n\t\t\t\t\t<\/div>\n\t\t<\/div>\n\t\t\t\t\t<\/div>\n\t\t<\/section>\n\t\t\t\t<section class=\"elementor-section elementor-top-section elementor-element elementor-element-694809dc elementor-section-boxed elementor-section-height-default elementor-section-height-default\" data-id=\"694809dc\" data-element_type=\"section\" data-e-type=\"section\">\n\t\t\t\t\t\t<div class=\"elementor-container elementor-column-gap-default\">\n\t\t\t\t\t<div class=\"elementor-column elementor-col-66 elementor-top-column elementor-element elementor-element-ed21565\" data-id=\"ed21565\" data-element_type=\"column\" data-e-type=\"column\">\n\t\t\t<div class=\"elementor-widget-wrap elementor-element-populated\">\n\t\t\t\t\t\t<div class=\"elementor-element elementor-element-92ace39 elementor-widget elementor-widget-heading\" data-id=\"92ace39\" data-element_type=\"widget\" data-e-type=\"widget\" data-widget_type=\"heading.default\">\n\t\t\t\t<div class=\"elementor-widget-container\">\n\t\t\t\t\t<h3 class=\"elementor-heading-title elementor-size-default\">La Penoterie - Pass\u00e9<\/h3>\t\t\t\t<\/div>\n\t\t\t\t<\/div>\n\t\t\t\t<div class=\"elementor-element elementor-element-69ed2cd8 elementor-widget elementor-widget-text-editor\" data-id=\"69ed2cd8\" data-element_type=\"widget\" data-e-type=\"widget\" data-widget_type=\"text-editor.default\">\n\t\t\t\t<div class=\"elementor-widget-container\">\n\t\t\t\t\t\t\t\t\t<p>Il y a plusieurs anecdotes sur l\u2019origine du nom \u00ab La Penoterie \u00bb. Une possibilit\u00e9 serait li\u00e9e aux noyers plant\u00e9s sur le terrain. Une autre histoire nous m\u00e8ne \u00e0 la viticulture. Jusqu\u2019en 1956 il y avait des vignes dans cette r\u00e9gion, il se peut que le c\u00e9page Pinot ait donn\u00e9 son nom au domaine.<\/p><p>Peut-\u00eatre une explication beaucoup plus simple, le terrain aurait appartenu \u00e0 M. ou Mme Pen ou Penot. Beaucoup de domaines \u00e9taient nomm\u00e9s d\u2019apr\u00e8s leur propri\u00e9taire.<\/p>\t\t\t\t\t\t\t\t<\/div>\n\t\t\t\t<\/div>\n\t\t\t\t\t<\/div>\n\t\t<\/div>\n\t\t\t\t<div class=\"elementor-column elementor-col-33 elementor-top-column elementor-element elementor-element-2126a5b9\" data-id=\"2126a5b9\" data-element_type=\"column\" data-e-type=\"column\" data-settings=\"{&quot;background_background&quot;:&quot;classic&quot;}\">\n\t\t\t<div class=\"elementor-widget-wrap elementor-element-populated\">\n\t\t\t\t\t\t<div class=\"elementor-element elementor-element-75baa5b elementor-widget elementor-widget-image\" data-id=\"75baa5b\" data-element_type=\"widget\" data-e-type=\"widget\" data-widget_type=\"image.default\">\n\t\t\t\t<div class=\"elementor-widget-container\">\n\t\t\t\t\t\t\t\t\t\t\t\t\t\t\t<img fetchpriority=\"high\" decoding=\"async\" width=\"600\" height=\"400\" src=\"https:\/\/www.lapenoterie-dordogne.com\/wp-content\/uploads\/druiventros.jpg\" class=\"attachment-large size-large wp-image-745\" alt=\"Druiventros\" srcset=\"https:\/\/www.lapenoterie-dordogne.com\/wp-content\/uploads\/druiventros.jpg 600w, https:\/\/www.lapenoterie-dordogne.com\/wp-content\/uploads\/druiventros-500x333.jpg 500w\" sizes=\"(max-width: 600px) 100vw, 600px\" \/>\t\t\t\t\t\t\t\t\t\t\t\t\t\t\t<\/div>\n\t\t\t\t<\/div>\n\t\t\t\t\t<\/div>\n\t\t<\/div>\n\t\t\t\t\t<\/div>\n\t\t<\/section>\n\t\t\t\t<section class=\"elementor-section elementor-top-section elementor-element elementor-element-aa2b48b elementor-reverse-mobile elementor-section-boxed elementor-section-height-default elementor-section-height-default\" data-id=\"aa2b48b\" data-element_type=\"section\" data-e-type=\"section\">\n\t\t\t\t\t\t<div class=\"elementor-container elementor-column-gap-default\">\n\t\t\t\t\t<div class=\"elementor-column elementor-col-66 elementor-top-column elementor-element elementor-element-098d6d6\" data-id=\"098d6d6\" data-element_type=\"column\" data-e-type=\"column\">\n\t\t\t<div class=\"elementor-widget-wrap elementor-element-populated\">\n\t\t\t\t\t\t<div class=\"elementor-element elementor-element-68071e2 elementor-widget elementor-widget-image\" data-id=\"68071e2\" data-element_type=\"widget\" data-e-type=\"widget\" data-widget_type=\"image.default\">\n\t\t\t\t<div class=\"elementor-widget-container\">\n\t\t\t\t\t\t\t\t\t\t\t\t\t\t\t<img decoding=\"async\" width=\"800\" height=\"600\" src=\"https:\/\/www.lapenoterie-dordogne.com\/wp-content\/uploads\/Kippen.jpg\" class=\"attachment-large size-large wp-image-749\" alt=\"Kippen\" srcset=\"https:\/\/www.lapenoterie-dordogne.com\/wp-content\/uploads\/Kippen.jpg 1280w, https:\/\/www.lapenoterie-dordogne.com\/wp-content\/uploads\/Kippen-467x350.jpg 467w, https:\/\/www.lapenoterie-dordogne.com\/wp-content\/uploads\/Kippen-768x576.jpg 768w\" sizes=\"(max-width: 800px) 100vw, 800px\" \/>\t\t\t\t\t\t\t\t\t\t\t\t\t\t\t<\/div>\n\t\t\t\t<\/div>\n\t\t\t\t\t<\/div>\n\t\t<\/div>\n\t\t\t\t<div class=\"elementor-column elementor-col-33 elementor-top-column elementor-element elementor-element-9bfc5ff\" data-id=\"9bfc5ff\" data-element_type=\"column\" data-e-type=\"column\" data-settings=\"{&quot;background_background&quot;:&quot;classic&quot;}\">\n\t\t\t<div class=\"elementor-widget-wrap elementor-element-populated\">\n\t\t\t\t\t\t<div class=\"elementor-element elementor-element-f736544 elementor-widget elementor-widget-heading\" data-id=\"f736544\" data-element_type=\"widget\" data-e-type=\"widget\" data-widget_type=\"heading.default\">\n\t\t\t\t<div class=\"elementor-widget-container\">\n\t\t\t\t\t<h3 class=\"elementor-heading-title elementor-size-default\">La Penoterie - Pr\u00e9sent<\/h3>\t\t\t\t<\/div>\n\t\t\t\t<\/div>\n\t\t\t\t<div class=\"elementor-element elementor-element-2860ade elementor-widget elementor-widget-text-editor\" data-id=\"2860ade\" data-element_type=\"widget\" data-e-type=\"widget\" data-widget_type=\"text-editor.default\">\n\t\t\t\t<div class=\"elementor-widget-container\">\n\t\t\t\t\t\t\t\t\t<p>Nous avons achet\u00e9 La Penoterie en 2012. La r\u00e9gion, le village de Montignac et la localisation de la Penoterie nous ont rendus amoureux de ce site. La propri\u00e9t\u00e9 \u00e9tait \u00e0 l\u2019abandon et notre premier travail \u00e9tait de d\u00e9fricher les immenses m\u00fbriers sauvages qui avaient envahi les lieux.<\/p><p>Ensuite le tour aux \u00e9tables et la maison. Notre habitation et le premier g\u00eete ont \u00e9t\u00e9 compl\u00e8tement r\u00e9nov\u00e9s et sont d\u00e9sormais des demeures comfortables. Le premier g\u00eete est lou\u00e9 depuis l\u2019\u00e9t\u00e9 2014.<\/p><p>Nous profitons au quotidien de la vue, des beaux paysages et du calme. Notre maison, ainsi que les 2 g\u00eetes sont d\u00e9sormais enti\u00e8rement r\u00e9nov\u00e9s. La piscine est \u00e9galement termin\u00e9e et offre un ag\u00e9able rafra\u00eechissement lors des joun\u00e9es chaudes.<\/p>\t\t\t\t\t\t\t\t<\/div>\n\t\t\t\t<\/div>\n\t\t\t\t\t<\/div>\n\t\t<\/div>\n\t\t\t\t\t<\/div>\n\t\t<\/section>\n\t\t\t\t<\/div>\n\t\t","protected":false},"excerpt":{"rendered":"<p>Pass\u00e9 et futur La Penoterie &#8211; Pass\u00e9 Il y a plusieurs anecdotes sur l\u2019origine du nom \u00ab La Penoterie \u00bb. Une possibilit\u00e9 serait li\u00e9e aux noyers plant\u00e9s sur le terrain. Une autre histoire nous m\u00e8ne \u00e0 la viticulture. Jusqu\u2019en 1956 il y avait des vignes dans cette r\u00e9gion, il se peut que le c\u00e9page Pinot [&hellip;]<\/p>\n","protected":false},"author":2,"featured_media":1601,"parent":0,"menu_order":0,"comment_status":"closed","ping_status":"closed","template":"","meta":{"footnotes":""},"class_list":["post-1752","page","type-page","status-publish","has-post-thumbnail","hentry"],"yoast_head":"<!-- This site is optimized with the Yoast SEO plugin v27.4 - https:\/\/yoast.com\/product\/yoast-seo-wordpress\/ -->\n<title>Pass\u00e9 et futur - La Penoterie Dordogne Gite vakantiehuis in de Dordogne, op een prachtige plek nabij Montignac<\/title>\n<meta name=\"robots\" content=\"index, follow, max-snippet:-1, max-image-preview:large, max-video-preview:-1\" \/>\n<link rel=\"canonical\" href=\"https:\/\/www.lapenoterie-dordogne.com\/fr\/passe-et-futur\/\" \/>\n<meta property=\"og:locale\" content=\"fr_FR\" \/>\n<meta property=\"og:type\" content=\"article\" \/>\n<meta property=\"og:title\" content=\"Pass\u00e9 et futur - La Penoterie Dordogne Gite vakantiehuis in de Dordogne, op een prachtige plek nabij Montignac\" \/>\n<meta property=\"og:description\" content=\"Pass\u00e9 et futur La Penoterie &#8211; Pass\u00e9 Il y a plusieurs anecdotes sur l\u2019origine du nom \u00ab La Penoterie \u00bb. Une possibilit\u00e9 serait li\u00e9e aux noyers plant\u00e9s sur le terrain. Une autre histoire nous m\u00e8ne \u00e0 la viticulture. Jusqu\u2019en 1956 il y avait des vignes dans cette r\u00e9gion, il se peut que le c\u00e9page Pinot [&hellip;]\" \/>\n<meta property=\"og:url\" content=\"https:\/\/www.lapenoterie-dordogne.com\/fr\/passe-et-futur\/\" \/>\n<meta property=\"og:site_name\" content=\"La Penoterie Dordogne Gite vakantiehuis in de Dordogne, op een prachtige plek nabij Montignac\" \/>\n<meta property=\"article:publisher\" content=\"https:\/\/www.facebook.com\/people\/La-Penoterie-Dordogne\/100057469329295\/\" \/>\n<meta property=\"article:modified_time\" content=\"2022-01-25T19:15:41+00:00\" \/>\n<meta property=\"og:image\" content=\"https:\/\/www.lapenoterie-dordogne.com\/wp-content\/uploads\/header-verleden-toekomst.jpg\" \/>\n\t<meta property=\"og:image:width\" content=\"1600\" \/>\n\t<meta property=\"og:image:height\" content=\"770\" \/>\n\t<meta property=\"og:image:type\" content=\"image\/jpeg\" \/>\n<meta name=\"twitter:card\" content=\"summary_large_image\" \/>\n<meta name=\"twitter:label1\" content=\"Dur\u00e9e de lecture estim\u00e9e\" \/>\n\t<meta name=\"twitter:data1\" content=\"1 minute\" \/>\n<script type=\"application\/ld+json\" class=\"yoast-schema-graph\">{\"@context\":\"https:\\\/\\\/schema.org\",\"@graph\":[{\"@type\":\"WebPage\",\"@id\":\"https:\\\/\\\/www.lapenoterie-dordogne.com\\\/fr\\\/passe-et-futur\\\/\",\"url\":\"https:\\\/\\\/www.lapenoterie-dordogne.com\\\/fr\\\/passe-et-futur\\\/\",\"name\":\"Pass\u00e9 et futur - La Penoterie Dordogne Gite vakantiehuis in de Dordogne, op een prachtige plek nabij Montignac\",\"isPartOf\":{\"@id\":\"https:\\\/\\\/www.lapenoterie-dordogne.com\\\/fr\\\/#website\"},\"primaryImageOfPage\":{\"@id\":\"https:\\\/\\\/www.lapenoterie-dordogne.com\\\/fr\\\/passe-et-futur\\\/#primaryimage\"},\"image\":{\"@id\":\"https:\\\/\\\/www.lapenoterie-dordogne.com\\\/fr\\\/passe-et-futur\\\/#primaryimage\"},\"thumbnailUrl\":\"https:\\\/\\\/www.lapenoterie-dordogne.com\\\/wp-content\\\/uploads\\\/header-verleden-toekomst.jpg\",\"datePublished\":\"2022-01-12T16:04:54+00:00\",\"dateModified\":\"2022-01-25T19:15:41+00:00\",\"breadcrumb\":{\"@id\":\"https:\\\/\\\/www.lapenoterie-dordogne.com\\\/fr\\\/passe-et-futur\\\/#breadcrumb\"},\"inLanguage\":\"fr-FR\",\"potentialAction\":[{\"@type\":\"ReadAction\",\"target\":[\"https:\\\/\\\/www.lapenoterie-dordogne.com\\\/fr\\\/passe-et-futur\\\/\"]}]},{\"@type\":\"ImageObject\",\"inLanguage\":\"fr-FR\",\"@id\":\"https:\\\/\\\/www.lapenoterie-dordogne.com\\\/fr\\\/passe-et-futur\\\/#primaryimage\",\"url\":\"https:\\\/\\\/www.lapenoterie-dordogne.com\\\/wp-content\\\/uploads\\\/header-verleden-toekomst.jpg\",\"contentUrl\":\"https:\\\/\\\/www.lapenoterie-dordogne.com\\\/wp-content\\\/uploads\\\/header-verleden-toekomst.jpg\",\"width\":1600,\"height\":770},{\"@type\":\"BreadcrumbList\",\"@id\":\"https:\\\/\\\/www.lapenoterie-dordogne.com\\\/fr\\\/passe-et-futur\\\/#breadcrumb\",\"itemListElement\":[{\"@type\":\"ListItem\",\"position\":1,\"name\":\"Home\",\"item\":\"https:\\\/\\\/www.lapenoterie-dordogne.com\\\/fr\\\/gites-in-de-dordogne\\\/\"},{\"@type\":\"ListItem\",\"position\":2,\"name\":\"Pass\u00e9 et futur\"}]},{\"@type\":\"WebSite\",\"@id\":\"https:\\\/\\\/www.lapenoterie-dordogne.com\\\/fr\\\/#website\",\"url\":\"https:\\\/\\\/www.lapenoterie-dordogne.com\\\/fr\\\/\",\"name\":\"La Penoterie Dordogne Gite vakantiehuis in de Dordogne, op een prachtige plek nabij Montignac\",\"description\":\"Op Domaine La Penoterie in de Dordogne zijn twee g\u00eetes te huur\",\"publisher\":{\"@id\":\"https:\\\/\\\/www.lapenoterie-dordogne.com\\\/fr\\\/#organization\"},\"potentialAction\":[{\"@type\":\"SearchAction\",\"target\":{\"@type\":\"EntryPoint\",\"urlTemplate\":\"https:\\\/\\\/www.lapenoterie-dordogne.com\\\/fr\\\/?s={search_term_string}\"},\"query-input\":{\"@type\":\"PropertyValueSpecification\",\"valueRequired\":true,\"valueName\":\"search_term_string\"}}],\"inLanguage\":\"fr-FR\"},{\"@type\":\"Organization\",\"@id\":\"https:\\\/\\\/www.lapenoterie-dordogne.com\\\/fr\\\/#organization\",\"name\":\"La Penoterie Dordogne\",\"url\":\"https:\\\/\\\/www.lapenoterie-dordogne.com\\\/fr\\\/\",\"logo\":{\"@type\":\"ImageObject\",\"inLanguage\":\"fr-FR\",\"@id\":\"https:\\\/\\\/www.lapenoterie-dordogne.com\\\/fr\\\/#\\\/schema\\\/logo\\\/image\\\/\",\"url\":\"https:\\\/\\\/www.lapenoterie-dordogne.com\\\/wp-content\\\/uploads\\\/header-homepagina.jpg\",\"contentUrl\":\"https:\\\/\\\/www.lapenoterie-dordogne.com\\\/wp-content\\\/uploads\\\/header-homepagina.jpg\",\"width\":1600,\"height\":1067,\"caption\":\"La Penoterie Dordogne\"},\"image\":{\"@id\":\"https:\\\/\\\/www.lapenoterie-dordogne.com\\\/fr\\\/#\\\/schema\\\/logo\\\/image\\\/\"},\"sameAs\":[\"https:\\\/\\\/www.facebook.com\\\/people\\\/La-Penoterie-Dordogne\\\/100057469329295\\\/\"]}]}<\/script>\n<!-- \/ Yoast SEO plugin. -->","yoast_head_json":{"title":"Pass\u00e9 et futur - La Penoterie Dordogne Gite vakantiehuis in de Dordogne, op een prachtige plek nabij Montignac","robots":{"index":"index","follow":"follow","max-snippet":"max-snippet:-1","max-image-preview":"max-image-preview:large","max-video-preview":"max-video-preview:-1"},"canonical":"https:\/\/www.lapenoterie-dordogne.com\/fr\/passe-et-futur\/","og_locale":"fr_FR","og_type":"article","og_title":"Pass\u00e9 et futur - La Penoterie Dordogne Gite vakantiehuis in de Dordogne, op een prachtige plek nabij Montignac","og_description":"Pass\u00e9 et futur La Penoterie &#8211; Pass\u00e9 Il y a plusieurs anecdotes sur l\u2019origine du nom \u00ab La Penoterie \u00bb. Une possibilit\u00e9 serait li\u00e9e aux noyers plant\u00e9s sur le terrain. Une autre histoire nous m\u00e8ne \u00e0 la viticulture. Jusqu\u2019en 1956 il y avait des vignes dans cette r\u00e9gion, il se peut que le c\u00e9page Pinot [&hellip;]","og_url":"https:\/\/www.lapenoterie-dordogne.com\/fr\/passe-et-futur\/","og_site_name":"La Penoterie Dordogne Gite vakantiehuis in de Dordogne, op een prachtige plek nabij Montignac","article_publisher":"https:\/\/www.facebook.com\/people\/La-Penoterie-Dordogne\/100057469329295\/","article_modified_time":"2022-01-25T19:15:41+00:00","og_image":[{"width":1600,"height":770,"url":"https:\/\/www.lapenoterie-dordogne.com\/wp-content\/uploads\/header-verleden-toekomst.jpg","type":"image\/jpeg"}],"twitter_card":"summary_large_image","twitter_misc":{"Dur\u00e9e de lecture estim\u00e9e":"1 minute"},"schema":{"@context":"https:\/\/schema.org","@graph":[{"@type":"WebPage","@id":"https:\/\/www.lapenoterie-dordogne.com\/fr\/passe-et-futur\/","url":"https:\/\/www.lapenoterie-dordogne.com\/fr\/passe-et-futur\/","name":"Pass\u00e9 et futur - La Penoterie Dordogne Gite vakantiehuis in de Dordogne, op een prachtige plek nabij Montignac","isPartOf":{"@id":"https:\/\/www.lapenoterie-dordogne.com\/fr\/#website"},"primaryImageOfPage":{"@id":"https:\/\/www.lapenoterie-dordogne.com\/fr\/passe-et-futur\/#primaryimage"},"image":{"@id":"https:\/\/www.lapenoterie-dordogne.com\/fr\/passe-et-futur\/#primaryimage"},"thumbnailUrl":"https:\/\/www.lapenoterie-dordogne.com\/wp-content\/uploads\/header-verleden-toekomst.jpg","datePublished":"2022-01-12T16:04:54+00:00","dateModified":"2022-01-25T19:15:41+00:00","breadcrumb":{"@id":"https:\/\/www.lapenoterie-dordogne.com\/fr\/passe-et-futur\/#breadcrumb"},"inLanguage":"fr-FR","potentialAction":[{"@type":"ReadAction","target":["https:\/\/www.lapenoterie-dordogne.com\/fr\/passe-et-futur\/"]}]},{"@type":"ImageObject","inLanguage":"fr-FR","@id":"https:\/\/www.lapenoterie-dordogne.com\/fr\/passe-et-futur\/#primaryimage","url":"https:\/\/www.lapenoterie-dordogne.com\/wp-content\/uploads\/header-verleden-toekomst.jpg","contentUrl":"https:\/\/www.lapenoterie-dordogne.com\/wp-content\/uploads\/header-verleden-toekomst.jpg","width":1600,"height":770},{"@type":"BreadcrumbList","@id":"https:\/\/www.lapenoterie-dordogne.com\/fr\/passe-et-futur\/#breadcrumb","itemListElement":[{"@type":"ListItem","position":1,"name":"Home","item":"https:\/\/www.lapenoterie-dordogne.com\/fr\/gites-in-de-dordogne\/"},{"@type":"ListItem","position":2,"name":"Pass\u00e9 et futur"}]},{"@type":"WebSite","@id":"https:\/\/www.lapenoterie-dordogne.com\/fr\/#website","url":"https:\/\/www.lapenoterie-dordogne.com\/fr\/","name":"La Penoterie Dordogne Gite vakantiehuis in de Dordogne, op een prachtige plek nabij Montignac","description":"Op Domaine La Penoterie in de Dordogne zijn twee g\u00eetes te huur","publisher":{"@id":"https:\/\/www.lapenoterie-dordogne.com\/fr\/#organization"},"potentialAction":[{"@type":"SearchAction","target":{"@type":"EntryPoint","urlTemplate":"https:\/\/www.lapenoterie-dordogne.com\/fr\/?s={search_term_string}"},"query-input":{"@type":"PropertyValueSpecification","valueRequired":true,"valueName":"search_term_string"}}],"inLanguage":"fr-FR"},{"@type":"Organization","@id":"https:\/\/www.lapenoterie-dordogne.com\/fr\/#organization","name":"La Penoterie Dordogne","url":"https:\/\/www.lapenoterie-dordogne.com\/fr\/","logo":{"@type":"ImageObject","inLanguage":"fr-FR","@id":"https:\/\/www.lapenoterie-dordogne.com\/fr\/#\/schema\/logo\/image\/","url":"https:\/\/www.lapenoterie-dordogne.com\/wp-content\/uploads\/header-homepagina.jpg","contentUrl":"https:\/\/www.lapenoterie-dordogne.com\/wp-content\/uploads\/header-homepagina.jpg","width":1600,"height":1067,"caption":"La Penoterie Dordogne"},"image":{"@id":"https:\/\/www.lapenoterie-dordogne.com\/fr\/#\/schema\/logo\/image\/"},"sameAs":["https:\/\/www.facebook.com\/people\/La-Penoterie-Dordogne\/100057469329295\/"]}]}},"_links":{"self":[{"href":"https:\/\/www.lapenoterie-dordogne.com\/fr\/wp-json\/wp\/v2\/pages\/1752","targetHints":{"allow":["GET"]}}],"collection":[{"href":"https:\/\/www.lapenoterie-dordogne.com\/fr\/wp-json\/wp\/v2\/pages"}],"about":[{"href":"https:\/\/www.lapenoterie-dordogne.com\/fr\/wp-json\/wp\/v2\/types\/page"}],"author":[{"embeddable":true,"href":"https:\/\/www.lapenoterie-dordogne.com\/fr\/wp-json\/wp\/v2\/users\/2"}],"replies":[{"embeddable":true,"href":"https:\/\/www.lapenoterie-dordogne.com\/fr\/wp-json\/wp\/v2\/comments?post=1752"}],"version-history":[{"count":0,"href":"https:\/\/www.lapenoterie-dordogne.com\/fr\/wp-json\/wp\/v2\/pages\/1752\/revisions"}],"wp:featuredmedia":[{"embeddable":true,"href":"https:\/\/www.lapenoterie-dordogne.com\/fr\/wp-json\/wp\/v2\/media\/1601"}],"wp:attachment":[{"href":"https:\/\/www.lapenoterie-dordogne.com\/fr\/wp-json\/wp\/v2\/media?parent=1752"}],"curies":[{"name":"wp","href":"https:\/\/api.w.org\/{rel}","templated":true}]}}